{"id":11667,"date":"2025-08-20T00:44:20","date_gmt":"2025-08-20T00:44:20","guid":{"rendered":"https:\/\/lightgreen-hyena-937059.hostingersite.com\/?post_type=product&#038;p=11667"},"modified":"2026-02-21T16:41:58","modified_gmt":"2026-02-21T16:41:58","slug":"tomate-frito-receta-artesana-hacendado","status":"publish","type":"product","link":"https:\/\/iber.market\/en\/product\/tomate-frito-receta-artesana-hacendado\/","title":{"rendered":"Fried tomato Hacendado artisan recipe"},"content":{"rendered":"<p>Tomate frito receta artesana Hacendado es un producto muy apreciado dentro de la gastronom\u00eda espa\u00f1ola. Perfecto para expatriados espa\u00f1oles que quieren seguir disfrutando de sabores de casa o para europeos que buscan descubrir comida espa\u00f1ola aut\u00e9ntica.<\/p>\n<p>Ideal for cooking Mediterranean dishes, tapas or traditional recipes, maintaining the characteristic flavor that makes Spanish food popular throughout Europe.<\/p>","protected":false},"excerpt":{"rendered":"<p>Tomate frito receta artesana Hacendado. Producto t\u00edpico espa\u00f1ol ideal para expatriados y amantes de la gastronom\u00eda espa\u00f1ola en Europa.<\/p>","protected":false},"featured_media":194575,"template":"","meta":[],"product_brand":[],"product_cat":[214],"product_tag":[135],"class_list":{"0":"post-11667","1":"product","2":"type-product","3":"status-publish","4":"has-post-thumbnail","6":"product_cat-salsas-y-condimentos","7":"product_tag-tomate","9":"first","10":"instock","11":"taxable","12":"shipping-taxable","13":"purchasable","14":"product-type-simple"},"jetpack_sharing_enabled":true,"_links":{"self":[{"href":"https:\/\/iber.market\/en\/wp-json\/wp\/v2\/product\/11667","targetHints":{"allow":["GET"]}}],"collection":[{"href":"https:\/\/iber.market\/en\/wp-json\/wp\/v2\/product"}],"about":[{"href":"https:\/\/iber.market\/en\/wp-json\/wp\/v2\/types\/product"}],"wp:featuredmedia":[{"embeddable":true,"href":"https:\/\/iber.market\/en\/wp-json\/wp\/v2\/media\/194575"}],"wp:attachment":[{"href":"https:\/\/iber.market\/en\/wp-json\/wp\/v2\/media?parent=11667"}],"wp:term":[{"taxonomy":"product_brand","embeddable":true,"href":"https:\/\/iber.market\/en\/wp-json\/wp\/v2\/product_brand?post=11667"},{"taxonomy":"product_cat","embeddable":true,"href":"https:\/\/iber.market\/en\/wp-json\/wp\/v2\/product_cat?post=11667"},{"taxonomy":"product_tag","embeddable":true,"href":"https:\/\/iber.market\/en\/wp-json\/wp\/v2\/product_tag?post=11667"}],"curies":[{"name":"wp","href":"https:\/\/api.w.org\/{rel}","templated":true}]}}