{"id":5031,"date":"2025-08-15T21:35:40","date_gmt":"2025-08-15T21:35:40","guid":{"rendered":"https:\/\/lightgreen-hyena-937059.hostingersite.com\/?post_type=product&#038;p=5031"},"modified":"2025-10-04T05:50:50","modified_gmt":"2025-10-04T05:50:50","slug":"mini-babybel-portionskase","status":"publish","type":"product","link":"https:\/\/iber.market\/de\/product\/mini-babybel-portionskase\/","title":{"rendered":"Babybel Mini-Portionsk\u00e4se"},"content":{"rendered":"<p>Babybel Mini-Portionsk\u00e4se, ein in Spanien hergestellter K\u00e4se mit einem authentischen und vielseitigen Geschmack. Perfekt f\u00fcr Tapas, Snacks oder zum Genie\u00dfen mit der Familie.<\/p>","protected":false},"excerpt":{"rendered":"<p>Spanischer K\u00e4se Babybel Mini-Portionsk\u00e4se, ideal f\u00fcr den t\u00e4glichen Gebrauch.<\/p>","protected":false},"featured_media":182350,"template":"","meta":[],"product_brand":[],"product_cat":[60],"product_tag":[],"class_list":{"0":"post-5031","1":"product","2":"type-product","3":"status-publish","4":"has-post-thumbnail","6":"product_cat-quesos-espanoles","8":"first","9":"instock","10":"taxable","11":"shipping-taxable","12":"purchasable","13":"product-type-simple"},"jetpack_sharing_enabled":true,"_links":{"self":[{"href":"https:\/\/iber.market\/de\/wp-json\/wp\/v2\/product\/5031","targetHints":{"allow":["GET"]}}],"collection":[{"href":"https:\/\/iber.market\/de\/wp-json\/wp\/v2\/product"}],"about":[{"href":"https:\/\/iber.market\/de\/wp-json\/wp\/v2\/types\/product"}],"wp:featuredmedia":[{"embeddable":true,"href":"https:\/\/iber.market\/de\/wp-json\/wp\/v2\/media\/182350"}],"wp:attachment":[{"href":"https:\/\/iber.market\/de\/wp-json\/wp\/v2\/media?parent=5031"}],"wp:term":[{"taxonomy":"product_brand","embeddable":true,"href":"https:\/\/iber.market\/de\/wp-json\/wp\/v2\/product_brand?post=5031"},{"taxonomy":"product_cat","embeddable":true,"href":"https:\/\/iber.market\/de\/wp-json\/wp\/v2\/product_cat?post=5031"},{"taxonomy":"product_tag","embeddable":true,"href":"https:\/\/iber.market\/de\/wp-json\/wp\/v2\/product_tag?post=5031"}],"curies":[{"name":"wp","href":"https:\/\/api.w.org\/{rel}","templated":true}]}}