{"id":5025,"date":"2025-08-15T21:35:13","date_gmt":"2025-08-15T21:35:13","guid":{"rendered":"https:\/\/lightgreen-hyena-937059.hostingersite.com\/?post_type=product&#038;p=5025"},"modified":"2025-10-04T05:50:44","modified_gmt":"2025-10-04T05:50:44","slug":"kase-in-portionen","status":"publish","type":"product","link":"https:\/\/iber.market\/de\/product\/kase-in-portionen\/","title":{"rendered":"K\u00e4se in Portionen"},"content":{"rendered":"<p>K\u00e4se in Portionen, ein in Spanien hergestellter K\u00e4se mit einem authentischen und vielseitigen Geschmack. Ideal f\u00fcr Tapas, Snacks oder zum Genie\u00dfen mit der Familie.<\/p>","protected":false},"excerpt":{"rendered":"<p>Spanischer K\u00e4se Spanischer K\u00e4se in Portionen, ideal f\u00fcr den t\u00e4glichen Gebrauch.<\/p>","protected":false},"featured_media":5026,"template":"","meta":[],"product_brand":[],"product_cat":[60],"product_tag":[],"class_list":{"0":"post-5025","1":"product","2":"type-product","3":"status-publish","4":"has-post-thumbnail","6":"product_cat-quesos-espanoles","8":"first","9":"instock","10":"taxable","11":"shipping-taxable","12":"purchasable","13":"product-type-simple"},"jetpack_sharing_enabled":true,"_links":{"self":[{"href":"https:\/\/iber.market\/de\/wp-json\/wp\/v2\/product\/5025","targetHints":{"allow":["GET"]}}],"collection":[{"href":"https:\/\/iber.market\/de\/wp-json\/wp\/v2\/product"}],"about":[{"href":"https:\/\/iber.market\/de\/wp-json\/wp\/v2\/types\/product"}],"wp:featuredmedia":[{"embeddable":true,"href":"https:\/\/iber.market\/de\/wp-json\/wp\/v2\/media\/5026"}],"wp:attachment":[{"href":"https:\/\/iber.market\/de\/wp-json\/wp\/v2\/media?parent=5025"}],"wp:term":[{"taxonomy":"product_brand","embeddable":true,"href":"https:\/\/iber.market\/de\/wp-json\/wp\/v2\/product_brand?post=5025"},{"taxonomy":"product_cat","embeddable":true,"href":"https:\/\/iber.market\/de\/wp-json\/wp\/v2\/product_cat?post=5025"},{"taxonomy":"product_tag","embeddable":true,"href":"https:\/\/iber.market\/de\/wp-json\/wp\/v2\/product_tag?post=5025"}],"curies":[{"name":"wp","href":"https:\/\/api.w.org\/{rel}","templated":true}]}}