{"id":200913,"date":"2026-03-03T14:17:15","date_gmt":"2026-03-03T14:17:15","guid":{"rendered":"https:\/\/iber.market\/producto\/cerveza-corona-2\/"},"modified":"2026-03-03T14:17:15","modified_gmt":"2026-03-03T14:17:15","slug":"cerveza-corona-2","status":"publish","type":"product","link":"https:\/\/iber.market\/de\/product\/cerveza-corona-2\/","title":{"rendered":"Corona Bier"},"content":{"rendered":"<p>Cerveza Corona ist eine ausgezeichnete Wahl f\u00fcr alle, die in Europa nach typisch spanischen Produkten suchen. Dieses Produkt wurde speziell f\u00fcr Auswanderer, in Europa lebende Personen oder alle Liebhaber der spanischen Gastronomie und Getr\u00e4nke entwickelt und zeichnet sich durch seine Qualit\u00e4t, seinen authentischen Geschmack und seine Tradition aus. Perfekt zum Teilen, Verschenken oder Genie\u00dfen zu Hause mit der Essenz des spanischen Lebensstils.<\/p>","protected":false},"excerpt":{"rendered":"<p>Das Corona-Bier ist ideal, um den authentischen Geschmack Spaniens zu genie\u00dfen. Perfekt f\u00fcr Expats und europ\u00e4ische Liebhaber von spanischen Speisen und Getr\u00e4nken.<\/p>","protected":false},"featured_media":200914,"template":"","meta":[],"product_brand":[],"product_cat":[47],"product_tag":[],"class_list":{"0":"post-200913","1":"product","2":"type-product","3":"status-publish","4":"has-post-thumbnail","6":"product_cat-cervezas-espanolas","8":"first","9":"instock","10":"taxable","11":"shipping-taxable","12":"purchasable","13":"product-type-simple"},"jetpack_sharing_enabled":true,"_links":{"self":[{"href":"https:\/\/iber.market\/de\/wp-json\/wp\/v2\/product\/200913","targetHints":{"allow":["GET"]}}],"collection":[{"href":"https:\/\/iber.market\/de\/wp-json\/wp\/v2\/product"}],"about":[{"href":"https:\/\/iber.market\/de\/wp-json\/wp\/v2\/types\/product"}],"wp:featuredmedia":[{"embeddable":true,"href":"https:\/\/iber.market\/de\/wp-json\/wp\/v2\/media\/200914"}],"wp:attachment":[{"href":"https:\/\/iber.market\/de\/wp-json\/wp\/v2\/media?parent=200913"}],"wp:term":[{"taxonomy":"product_brand","embeddable":true,"href":"https:\/\/iber.market\/de\/wp-json\/wp\/v2\/product_brand?post=200913"},{"taxonomy":"product_cat","embeddable":true,"href":"https:\/\/iber.market\/de\/wp-json\/wp\/v2\/product_cat?post=200913"},{"taxonomy":"product_tag","embeddable":true,"href":"https:\/\/iber.market\/de\/wp-json\/wp\/v2\/product_tag?post=200913"}],"curies":[{"name":"wp","href":"https:\/\/api.w.org\/{rel}","templated":true}]}}