{"id":200671,"date":"2026-03-02T12:25:10","date_gmt":"2026-03-02T12:25:10","guid":{"rendered":"https:\/\/iber.market\/producto\/comprimidos-efervescentes-vitamina-c-y-zinc-deliplus-sabor-limon\/"},"modified":"2026-03-02T12:25:10","modified_gmt":"2026-03-02T12:25:10","slug":"comprimidos-efervescentes-vitamina-c-y-zinc-deliplus-sabor-limon","status":"publish","type":"product","link":"https:\/\/iber.market\/de\/product\/comprimidos-efervescentes-vitamina-c-y-zinc-deliplus-sabor-limon\/","title":{"rendered":"Brausetabletten Vitamin C und Zink Deliplus Zitronengeschmack"},"content":{"rendered":"<p>Comprimidos efervescentes vitamina C y zinc Deliplus sabor lim\u00f3n pertenece a la categor\u00eda de vitaminas y complementos alimenticios de parafarmacia espa\u00f1ola. Perfecto para espa\u00f1oles en Europa que desean mantener h\u00e1bitos saludables con productos familiares.<\/p>\n<p>F\u00e1cil de incorporar a la rutina diaria, siguiendo est\u00e1ndares de calidad europeos.<\/p>","protected":false},"excerpt":{"rendered":"<p>Comprimidos efervescentes vitamina C y zinc Deliplus sabor lim\u00f3n. Complejo vitam\u00ednico espa\u00f1ol ideal para apoyar tu rutina diaria.<\/p>","protected":false},"featured_media":200672,"template":"","meta":[],"product_brand":[],"product_cat":[146],"product_tag":[],"class_list":{"0":"post-200671","1":"product","2":"type-product","3":"status-publish","4":"has-post-thumbnail","6":"product_cat-fitoterapia-y-parafarmacia","8":"first","9":"instock","10":"taxable","11":"shipping-taxable","12":"purchasable","13":"product-type-simple"},"jetpack_sharing_enabled":true,"_links":{"self":[{"href":"https:\/\/iber.market\/de\/wp-json\/wp\/v2\/product\/200671","targetHints":{"allow":["GET"]}}],"collection":[{"href":"https:\/\/iber.market\/de\/wp-json\/wp\/v2\/product"}],"about":[{"href":"https:\/\/iber.market\/de\/wp-json\/wp\/v2\/types\/product"}],"wp:featuredmedia":[{"embeddable":true,"href":"https:\/\/iber.market\/de\/wp-json\/wp\/v2\/media\/200672"}],"wp:attachment":[{"href":"https:\/\/iber.market\/de\/wp-json\/wp\/v2\/media?parent=200671"}],"wp:term":[{"taxonomy":"product_brand","embeddable":true,"href":"https:\/\/iber.market\/de\/wp-json\/wp\/v2\/product_brand?post=200671"},{"taxonomy":"product_cat","embeddable":true,"href":"https:\/\/iber.market\/de\/wp-json\/wp\/v2\/product_cat?post=200671"},{"taxonomy":"product_tag","embeddable":true,"href":"https:\/\/iber.market\/de\/wp-json\/wp\/v2\/product_tag?post=200671"}],"curies":[{"name":"wp","href":"https:\/\/api.w.org\/{rel}","templated":true}]}}