{"id":200179,"date":"2026-03-02T06:17:35","date_gmt":"2026-03-02T06:17:35","guid":{"rendered":"https:\/\/iber.market\/producto\/aperitivo-de-patata-con-sabor-a-nata-agria-y-cebolla\/"},"modified":"2026-03-02T06:17:35","modified_gmt":"2026-03-02T06:17:35","slug":"aperitivo-de-patata-con-sabor-a-nata-agria-y-cebolla","status":"publish","type":"product","link":"https:\/\/iber.market\/de\/product\/aperitivo-de-patata-con-sabor-a-nata-agria-y-cebolla\/","title":{"rendered":"Kartoffelvorspeise mit saurer Sahne und Zwiebelgeschmack"},"content":{"rendered":"<p>Aperitivo de patata con sabor a nata agria y cebolla es un producto emblem\u00e1tico del aperitivo espa\u00f1ol. Perfecto para espa\u00f1oles que viven fuera de Espa\u00f1a y desean mantener el sabor de casa, as\u00ed como para europeos que buscan descubrir la aut\u00e9ntica gastronom\u00eda mediterr\u00e1nea.<\/p>\n<p>Dieses Produkt geh\u00f6rt zur Kategorie der Aperitifs und ist ideal zum Teilen, zur Begleitung von Weinen oder Bieren oder als Teil einer Aperitif-Tafel nach spanischer Art. Seine Qualit\u00e4t und sein Geschmack repr\u00e4sentieren den wahren kulinarischen Charakter Spaniens.<\/p>\n<p>Si quieres comprar aceitunas, encurtidos, frutos secos y snacks espa\u00f1oles online en Europa, Aperitivo de patata con sabor a nata agria y cebolla es una excelente elecci\u00f3n para disfrutar de un aut\u00e9ntico &#8216;taste of Spain&#8217;.<\/p>","protected":false},"excerpt":{"rendered":"<p>Aperitivo de patata con sabor a nata agria y cebolla. Aperitivo espa\u00f1ol ideal para expatriados y amantes del aut\u00e9ntico sabor mediterr\u00e1neo en Europa.<\/p>","protected":false},"featured_media":200180,"template":"","meta":[],"product_brand":[],"product_cat":[66],"product_tag":[],"class_list":{"0":"post-200179","1":"product","2":"type-product","3":"status-publish","4":"has-post-thumbnail","6":"product_cat-frutos-secos-y-snacks","8":"first","9":"instock","10":"taxable","11":"shipping-taxable","12":"purchasable","13":"product-type-simple"},"jetpack_sharing_enabled":true,"_links":{"self":[{"href":"https:\/\/iber.market\/de\/wp-json\/wp\/v2\/product\/200179","targetHints":{"allow":["GET"]}}],"collection":[{"href":"https:\/\/iber.market\/de\/wp-json\/wp\/v2\/product"}],"about":[{"href":"https:\/\/iber.market\/de\/wp-json\/wp\/v2\/types\/product"}],"wp:featuredmedia":[{"embeddable":true,"href":"https:\/\/iber.market\/de\/wp-json\/wp\/v2\/media\/200180"}],"wp:attachment":[{"href":"https:\/\/iber.market\/de\/wp-json\/wp\/v2\/media?parent=200179"}],"wp:term":[{"taxonomy":"product_brand","embeddable":true,"href":"https:\/\/iber.market\/de\/wp-json\/wp\/v2\/product_brand?post=200179"},{"taxonomy":"product_cat","embeddable":true,"href":"https:\/\/iber.market\/de\/wp-json\/wp\/v2\/product_cat?post=200179"},{"taxonomy":"product_tag","embeddable":true,"href":"https:\/\/iber.market\/de\/wp-json\/wp\/v2\/product_tag?post=200179"}],"curies":[{"name":"wp","href":"https:\/\/api.w.org\/{rel}","templated":true}]}}