{"id":200173,"date":"2026-03-02T06:17:33","date_gmt":"2026-03-02T06:17:33","guid":{"rendered":"https:\/\/iber.market\/producto\/nachos-hacendado\/"},"modified":"2026-03-02T06:17:34","modified_gmt":"2026-03-02T06:17:34","slug":"nachos-hacendado","status":"publish","type":"product","link":"https:\/\/iber.market\/de\/product\/nachos-hacendado\/","title":{"rendered":"Hacendado-Nachos"},"content":{"rendered":"<p>Nachos Hacendado ist ein typisches spanisches Snackprodukt. Perfekt f\u00fcr Spanier, die au\u00dferhalb Spaniens leben und den Geschmack ihrer Heimat beibehalten wollen, sowie f\u00fcr Europ\u00e4er, die die authentische mediterrane Gastronomie entdecken wollen.<\/p>\n<p>Dieses Produkt geh\u00f6rt zur Kategorie der Aperitifs und ist ideal zum Teilen, zur Begleitung von Weinen oder Bieren oder als Teil einer Aperitif-Tafel nach spanischer Art. Seine Qualit\u00e4t und sein Geschmack repr\u00e4sentieren den wahren kulinarischen Charakter Spaniens.<\/p>\n<p>Wenn Sie Oliven, Essiggurken, N\u00fcsse und spanische Snacks online in Europa kaufen m\u00f6chten, ist Nachos Hacendado eine ausgezeichnete Wahl, um einen authentischen \u2018Geschmack von Spanien\u2019 zu genie\u00dfen.<\/p>","protected":false},"excerpt":{"rendered":"<p>Hacendado Nachos. Spanischer Snack, ideal f\u00fcr Auswanderer und Liebhaber des authentischen mediterranen Geschmacks in Europa.<\/p>","protected":false},"featured_media":200174,"template":"","meta":[],"product_brand":[],"product_cat":[66],"product_tag":[],"class_list":{"0":"post-200173","1":"product","2":"type-product","3":"status-publish","4":"has-post-thumbnail","6":"product_cat-frutos-secos-y-snacks","8":"first","9":"instock","10":"taxable","11":"shipping-taxable","12":"purchasable","13":"product-type-simple"},"jetpack_sharing_enabled":true,"_links":{"self":[{"href":"https:\/\/iber.market\/de\/wp-json\/wp\/v2\/product\/200173","targetHints":{"allow":["GET"]}}],"collection":[{"href":"https:\/\/iber.market\/de\/wp-json\/wp\/v2\/product"}],"about":[{"href":"https:\/\/iber.market\/de\/wp-json\/wp\/v2\/types\/product"}],"wp:featuredmedia":[{"embeddable":true,"href":"https:\/\/iber.market\/de\/wp-json\/wp\/v2\/media\/200174"}],"wp:attachment":[{"href":"https:\/\/iber.market\/de\/wp-json\/wp\/v2\/media?parent=200173"}],"wp:term":[{"taxonomy":"product_brand","embeddable":true,"href":"https:\/\/iber.market\/de\/wp-json\/wp\/v2\/product_brand?post=200173"},{"taxonomy":"product_cat","embeddable":true,"href":"https:\/\/iber.market\/de\/wp-json\/wp\/v2\/product_cat?post=200173"},{"taxonomy":"product_tag","embeddable":true,"href":"https:\/\/iber.market\/de\/wp-json\/wp\/v2\/product_tag?post=200173"}],"curies":[{"name":"wp","href":"https:\/\/api.w.org\/{rel}","templated":true}]}}