{"id":200107,"date":"2026-03-02T06:17:17","date_gmt":"2026-03-02T06:17:17","guid":{"rendered":"https:\/\/iber.market\/producto\/super-cuquis\/"},"modified":"2026-03-02T06:17:17","modified_gmt":"2026-03-02T06:17:17","slug":"super-sus","status":"publish","type":"product","link":"https:\/\/iber.market\/de\/product\/super-sus\/","title":{"rendered":"Super S\u00fc\u00dfigkeiten"},"content":{"rendered":"<p>Super Cuquis ist ein emblematisches Produkt des spanischen Aperitifs. Perfekt f\u00fcr Spanier, die au\u00dferhalb Spaniens leben und den Geschmack ihrer Heimat beibehalten wollen, sowie f\u00fcr Europ\u00e4er, die die authentische mediterrane Gastronomie entdecken wollen.<\/p>\n<p>Dieses Produkt geh\u00f6rt zur Kategorie der Aperitifs und ist ideal zum Teilen, zur Begleitung von Weinen oder Bieren oder als Teil einer Aperitif-Tafel nach spanischer Art. Seine Qualit\u00e4t und sein Geschmack repr\u00e4sentieren den wahren kulinarischen Charakter Spaniens.<\/p>\n<p>Wenn Sie spanische Oliven, Essiggurken, N\u00fcsse und Snacks online in Europa kaufen m\u00f6chten, ist Super Cuquis eine ausgezeichnete Wahl f\u00fcr einen authentischen \u2018Geschmack von Spanien\u2019.<\/p>","protected":false},"excerpt":{"rendered":"<p>Super Cuquis. Spanischer Snack, ideal f\u00fcr Auswanderer und Liebhaber des authentischen mediterranen Geschmacks in Europa.<\/p>","protected":false},"featured_media":200108,"template":"","meta":[],"product_brand":[],"product_cat":[66],"product_tag":[],"class_list":{"0":"post-200107","1":"product","2":"type-product","3":"status-publish","4":"has-post-thumbnail","6":"product_cat-frutos-secos-y-snacks","8":"first","9":"instock","10":"taxable","11":"shipping-taxable","12":"purchasable","13":"product-type-simple"},"jetpack_sharing_enabled":true,"_links":{"self":[{"href":"https:\/\/iber.market\/de\/wp-json\/wp\/v2\/product\/200107","targetHints":{"allow":["GET"]}}],"collection":[{"href":"https:\/\/iber.market\/de\/wp-json\/wp\/v2\/product"}],"about":[{"href":"https:\/\/iber.market\/de\/wp-json\/wp\/v2\/types\/product"}],"wp:featuredmedia":[{"embeddable":true,"href":"https:\/\/iber.market\/de\/wp-json\/wp\/v2\/media\/200108"}],"wp:attachment":[{"href":"https:\/\/iber.market\/de\/wp-json\/wp\/v2\/media?parent=200107"}],"wp:term":[{"taxonomy":"product_brand","embeddable":true,"href":"https:\/\/iber.market\/de\/wp-json\/wp\/v2\/product_brand?post=200107"},{"taxonomy":"product_cat","embeddable":true,"href":"https:\/\/iber.market\/de\/wp-json\/wp\/v2\/product_cat?post=200107"},{"taxonomy":"product_tag","embeddable":true,"href":"https:\/\/iber.market\/de\/wp-json\/wp\/v2\/product_tag?post=200107"}],"curies":[{"name":"wp","href":"https:\/\/api.w.org\/{rel}","templated":true}]}}