{"id":199561,"date":"2026-03-02T02:17:54","date_gmt":"2026-03-02T02:17:54","guid":{"rendered":"https:\/\/iber.market\/producto\/pasta-tiburon-hacendado\/"},"modified":"2026-03-02T02:17:55","modified_gmt":"2026-03-02T02:17:55","slug":"haifisch-nudeln-hacendado","status":"publish","type":"product","link":"https:\/\/iber.market\/de\/product\/haifisch-nudeln-hacendado\/","title":{"rendered":"Haifischpasta Hacendado"},"content":{"rendered":"<p>Pasta tibur\u00f3n Hacendado ist ein unverzichtbares Produkt in der spanischen Speisekammer. Perfekt f\u00fcr alle, die au\u00dferhalb Spaniens leben und weiterhin den authentischen Geschmack ihrer Heimat genie\u00dfen m\u00f6chten, aber auch f\u00fcr Europ\u00e4er, die sich f\u00fcr die mediterrane K\u00fcche und die traditionelle spanische K\u00fcche begeistern.<\/p>\n<p>Dieses Produkt geh\u00f6rt zur Kategorie Reis, H\u00fclsenfr\u00fcchte und Teigwaren und eignet sich sowohl f\u00fcr klassische Rezepte als auch f\u00fcr moderne Zubereitungen. Ideal f\u00fcr die Zubereitung typisch spanischer Gerichte, um die kulinarische Tradition zu bewahren und hochwertige Zutaten mit authentischem Geschmack zu genie\u00dfen.<\/p>\n<p>Wenn Sie in Europa spanische Produkte mit Qualit\u00e4ts- und Geschmacksgarantie suchen, ist Shark Pasta Hacendado eine unverzichtbare Option f\u00fcr Ihre K\u00fcche.<\/p>","protected":false},"excerpt":{"rendered":"<p>Hacendado Haifischnudeln. Spanisches Produkt, ideal f\u00fcr Auswanderer und Liebhaber der authentischen spanischen K\u00fcche in Europa.<\/p>","protected":false},"featured_media":199562,"template":"","meta":[],"product_brand":[],"product_cat":[71],"product_tag":[],"class_list":{"0":"post-199561","1":"product","2":"type-product","3":"status-publish","4":"has-post-thumbnail","6":"product_cat-arroz-legumbres-y-pasta","8":"first","9":"instock","10":"taxable","11":"shipping-taxable","12":"purchasable","13":"product-type-simple"},"jetpack_sharing_enabled":true,"_links":{"self":[{"href":"https:\/\/iber.market\/de\/wp-json\/wp\/v2\/product\/199561","targetHints":{"allow":["GET"]}}],"collection":[{"href":"https:\/\/iber.market\/de\/wp-json\/wp\/v2\/product"}],"about":[{"href":"https:\/\/iber.market\/de\/wp-json\/wp\/v2\/types\/product"}],"wp:featuredmedia":[{"embeddable":true,"href":"https:\/\/iber.market\/de\/wp-json\/wp\/v2\/media\/199562"}],"wp:attachment":[{"href":"https:\/\/iber.market\/de\/wp-json\/wp\/v2\/media?parent=199561"}],"wp:term":[{"taxonomy":"product_brand","embeddable":true,"href":"https:\/\/iber.market\/de\/wp-json\/wp\/v2\/product_brand?post=199561"},{"taxonomy":"product_cat","embeddable":true,"href":"https:\/\/iber.market\/de\/wp-json\/wp\/v2\/product_cat?post=199561"},{"taxonomy":"product_tag","embeddable":true,"href":"https:\/\/iber.market\/de\/wp-json\/wp\/v2\/product_tag?post=199561"}],"curies":[{"name":"wp","href":"https:\/\/api.w.org\/{rel}","templated":true}]}}