{"id":199377,"date":"2026-02-24T21:41:47","date_gmt":"2026-02-24T21:41:47","guid":{"rendered":"https:\/\/iber.market\/producto\/fuet-espetec-hacendado\/"},"modified":"2026-02-24T21:41:48","modified_gmt":"2026-02-24T21:41:48","slug":"fuet-espetec-hacendado","status":"publish","type":"product","link":"https:\/\/iber.market\/de\/product\/fuet-espetec-hacendado\/","title":{"rendered":"Fuet espetec Hacendado"},"content":{"rendered":"<p>Fuet espetec Hacendado ist eine ausgezeichnete Wahl f\u00fcr alle, die den authentischen Geschmack der spanischen Gastronomie au\u00dferhalb Spaniens genie\u00dfen m\u00f6chten. Dieses in spanischen Superm\u00e4rkten sehr beliebte Produkt verbindet Qualit\u00e4t, Tradition und mediterranen Geschmack. Ideal f\u00fcr spanische Auswanderer in Europa oder f\u00fcr alle, die spanische Wurstwaren und Spezialit\u00e4ten sch\u00e4tzen. Ideal f\u00fcr Tapas, Snacks, Vorspeisen oder traditionelle Rezepte. Erh\u00e4ltlich f\u00fcr die Lieferung in mehrere europ\u00e4ische L\u00e4nder von iber.market.<\/p>","protected":false},"excerpt":{"rendered":"<p>Fuet espetec Hacendado. Ein typisch spanisches Produkt, ideal f\u00fcr Auswanderer in Europa und Liebhaber der spanischen K\u00fcche, die einen authentischen Geschmack suchen.<\/p>","protected":false},"featured_media":199378,"template":"","meta":[],"product_brand":[],"product_cat":[61],"product_tag":[],"class_list":{"0":"post-199377","1":"product","2":"type-product","3":"status-publish","4":"has-post-thumbnail","6":"product_cat-jamones-y-embutidos","8":"first","9":"instock","10":"taxable","11":"shipping-taxable","12":"purchasable","13":"product-type-simple"},"jetpack_sharing_enabled":true,"_links":{"self":[{"href":"https:\/\/iber.market\/de\/wp-json\/wp\/v2\/product\/199377","targetHints":{"allow":["GET"]}}],"collection":[{"href":"https:\/\/iber.market\/de\/wp-json\/wp\/v2\/product"}],"about":[{"href":"https:\/\/iber.market\/de\/wp-json\/wp\/v2\/types\/product"}],"wp:featuredmedia":[{"embeddable":true,"href":"https:\/\/iber.market\/de\/wp-json\/wp\/v2\/media\/199378"}],"wp:attachment":[{"href":"https:\/\/iber.market\/de\/wp-json\/wp\/v2\/media?parent=199377"}],"wp:term":[{"taxonomy":"product_brand","embeddable":true,"href":"https:\/\/iber.market\/de\/wp-json\/wp\/v2\/product_brand?post=199377"},{"taxonomy":"product_cat","embeddable":true,"href":"https:\/\/iber.market\/de\/wp-json\/wp\/v2\/product_cat?post=199377"},{"taxonomy":"product_tag","embeddable":true,"href":"https:\/\/iber.market\/de\/wp-json\/wp\/v2\/product_tag?post=199377"}],"curies":[{"name":"wp","href":"https:\/\/api.w.org\/{rel}","templated":true}]}}