{"id":199356,"date":"2026-02-24T21:41:37","date_gmt":"2026-02-24T21:41:37","guid":{"rendered":"https:\/\/iber.market\/producto\/salchichon-de-cebo-iberico-cortado-a-maquina\/"},"modified":"2026-02-24T21:41:37","modified_gmt":"2026-02-24T21:41:37","slug":"salchichon-de-cebo-iberico-cortado-a-maquina","status":"publish","type":"product","link":"https:\/\/iber.market\/de\/product\/salchichon-de-cebo-iberico-cortado-a-maquina\/","title":{"rendered":"Maschinengeschnittene iberische Steinpilzwurst"},"content":{"rendered":"<p>Salchich\u00f3n de cebo ib\u00e9rico cortado a m\u00e1quina es una excelente opci\u00f3n para quienes desean disfrutar del aut\u00e9ntico sabor de la gastronom\u00eda espa\u00f1ola fuera de Espa\u00f1a. Muy popular en supermercados espa\u00f1oles, este producto combina calidad, tradici\u00f3n y sabor mediterr\u00e1neo. Perfecto para expatriados espa\u00f1oles en Europa o para cualquier persona que aprecie los embutidos y especialidades espa\u00f1olas. Ideal para tapas, bocadillos, aperitivos o recetas tradicionales. Disponible para env\u00edo a varios pa\u00edses europeos desde iber.market.<\/p>","protected":false},"excerpt":{"rendered":"<p>Salchich\u00f3n de cebo ib\u00e9rico cortado a m\u00e1quina. Producto t\u00edpico espa\u00f1ol ideal para expatriados en Europa y amantes de la gastronom\u00eda espa\u00f1ola que buscan sabor aut\u00e9ntico.<\/p>","protected":false},"featured_media":199357,"template":"","meta":[],"product_brand":[],"product_cat":[61],"product_tag":[],"class_list":{"0":"post-199356","1":"product","2":"type-product","3":"status-publish","4":"has-post-thumbnail","6":"product_cat-jamones-y-embutidos","8":"first","9":"instock","10":"taxable","11":"shipping-taxable","12":"purchasable","13":"product-type-simple"},"jetpack_sharing_enabled":true,"_links":{"self":[{"href":"https:\/\/iber.market\/de\/wp-json\/wp\/v2\/product\/199356","targetHints":{"allow":["GET"]}}],"collection":[{"href":"https:\/\/iber.market\/de\/wp-json\/wp\/v2\/product"}],"about":[{"href":"https:\/\/iber.market\/de\/wp-json\/wp\/v2\/types\/product"}],"wp:featuredmedia":[{"embeddable":true,"href":"https:\/\/iber.market\/de\/wp-json\/wp\/v2\/media\/199357"}],"wp:attachment":[{"href":"https:\/\/iber.market\/de\/wp-json\/wp\/v2\/media?parent=199356"}],"wp:term":[{"taxonomy":"product_brand","embeddable":true,"href":"https:\/\/iber.market\/de\/wp-json\/wp\/v2\/product_brand?post=199356"},{"taxonomy":"product_cat","embeddable":true,"href":"https:\/\/iber.market\/de\/wp-json\/wp\/v2\/product_cat?post=199356"},{"taxonomy":"product_tag","embeddable":true,"href":"https:\/\/iber.market\/de\/wp-json\/wp\/v2\/product_tag?post=199356"}],"curies":[{"name":"wp","href":"https:\/\/api.w.org\/{rel}","templated":true}]}}