{"id":198822,"date":"2026-02-24T03:57:03","date_gmt":"2026-02-24T03:57:03","guid":{"rendered":"https:\/\/iber.market\/producto\/acondicionador-instantaneo-hydra-hyaluronic-deliplus-cabello-de-normal-a-seco\/"},"modified":"2026-02-24T03:57:03","modified_gmt":"2026-02-24T03:57:03","slug":"acondicionador-instantaneo-hydra-hyaluronic-deliplus-cabello-de-normal-a-seco","status":"publish","type":"product","link":"https:\/\/iber.market\/de\/product\/acondicionador-instantaneo-hydra-hyaluronic-deliplus-cabello-de-normal-a-seco\/","title":{"rendered":"Deliplus Hydra Hyaluronic Instant Conditioner f\u00fcr normales bis trockenes Haar"},"content":{"rendered":"<p>Acondicionador instant\u00e1neo Hydra hyaluronic Deliplus cabello de normal a seco es una excelente opci\u00f3n para quienes viven fuera de Espa\u00f1a y quieren seguir utilizando productos de higiene y cuidado personal similares a los que se encuentran habitualmente en el mercado espa\u00f1ol. Pensado para expatriados espa\u00f1oles en Europa y consumidores que valoran la calidad y tradici\u00f3n de los productos espa\u00f1oles, ofreciendo comodidad y confianza en el cuidado diario.<\/p>","protected":false},"excerpt":{"rendered":"<p>Acondicionador instant\u00e1neo Hydra hyaluronic Deliplus cabello de normal a seco con calidad inspirada en el cuidado personal habitual en Espa\u00f1a. Ideal para expatriados en Europa y amantes de los productos espa\u00f1oles.<\/p>","protected":false},"featured_media":198823,"template":"","meta":[],"product_brand":[],"product_cat":[372],"product_tag":[],"class_list":{"0":"post-198822","1":"product","2":"type-product","3":"status-publish","4":"has-post-thumbnail","6":"product_cat-acondicionador-y-mascarilla","8":"first","9":"instock","10":"taxable","11":"shipping-taxable","12":"purchasable","13":"product-type-simple"},"jetpack_sharing_enabled":true,"_links":{"self":[{"href":"https:\/\/iber.market\/de\/wp-json\/wp\/v2\/product\/198822","targetHints":{"allow":["GET"]}}],"collection":[{"href":"https:\/\/iber.market\/de\/wp-json\/wp\/v2\/product"}],"about":[{"href":"https:\/\/iber.market\/de\/wp-json\/wp\/v2\/types\/product"}],"wp:featuredmedia":[{"embeddable":true,"href":"https:\/\/iber.market\/de\/wp-json\/wp\/v2\/media\/198823"}],"wp:attachment":[{"href":"https:\/\/iber.market\/de\/wp-json\/wp\/v2\/media?parent=198822"}],"wp:term":[{"taxonomy":"product_brand","embeddable":true,"href":"https:\/\/iber.market\/de\/wp-json\/wp\/v2\/product_brand?post=198822"},{"taxonomy":"product_cat","embeddable":true,"href":"https:\/\/iber.market\/de\/wp-json\/wp\/v2\/product_cat?post=198822"},{"taxonomy":"product_tag","embeddable":true,"href":"https:\/\/iber.market\/de\/wp-json\/wp\/v2\/product_tag?post=198822"}],"curies":[{"name":"wp","href":"https:\/\/api.w.org\/{rel}","templated":true}]}}