{"id":198651,"date":"2026-02-24T03:56:36","date_gmt":"2026-02-24T03:56:36","guid":{"rendered":"https:\/\/iber.market\/producto\/instant-conditioner-protect-triple-action-deliplus-preventivo-y-sin-aclarado\/"},"modified":"2026-02-24T03:56:36","modified_gmt":"2026-02-24T03:56:36","slug":"instant-conditioner-protect-triple-action-deliplus-preventivo-y-sin-aclarado","status":"publish","type":"product","link":"https:\/\/iber.market\/de\/product\/instant-conditioner-protect-triple-action-deliplus-preventivo-y-sin-aclarado\/","title":{"rendered":"Sofortiger Conditioner Protect Triple Action Deliplus Pr\u00e4ventiv- und Leave-in-Conditioner"},"content":{"rendered":"<p>Instant conditioner Protect Triple Action Deliplus preventivo y sin aclarado es una excelente opci\u00f3n para quienes viven fuera de Espa\u00f1a y quieren seguir utilizando productos de higiene y cuidado personal similares a los que se encuentran habitualmente en el mercado espa\u00f1ol. Pensado para expatriados espa\u00f1oles en Europa y consumidores que valoran la calidad y tradici\u00f3n de los productos espa\u00f1oles, ofreciendo comodidad y confianza en el cuidado diario.<\/p>","protected":false},"excerpt":{"rendered":"<p>Instant conditioner Protect Triple Action Deliplus preventivo y sin aclarado con calidad inspirada en el cuidado personal habitual en Espa\u00f1a. Ideal para expatriados en Europa y amantes de los productos espa\u00f1oles.<\/p>","protected":false},"featured_media":198652,"template":"","meta":[],"product_brand":[],"product_cat":[371],"product_tag":[],"class_list":{"0":"post-198651","1":"product","2":"type-product","3":"status-publish","4":"has-post-thumbnail","6":"product_cat-champus-y-coloraciones","8":"first","9":"instock","10":"taxable","11":"shipping-taxable","12":"purchasable","13":"product-type-simple"},"jetpack_sharing_enabled":true,"_links":{"self":[{"href":"https:\/\/iber.market\/de\/wp-json\/wp\/v2\/product\/198651","targetHints":{"allow":["GET"]}}],"collection":[{"href":"https:\/\/iber.market\/de\/wp-json\/wp\/v2\/product"}],"about":[{"href":"https:\/\/iber.market\/de\/wp-json\/wp\/v2\/types\/product"}],"wp:featuredmedia":[{"embeddable":true,"href":"https:\/\/iber.market\/de\/wp-json\/wp\/v2\/media\/198652"}],"wp:attachment":[{"href":"https:\/\/iber.market\/de\/wp-json\/wp\/v2\/media?parent=198651"}],"wp:term":[{"taxonomy":"product_brand","embeddable":true,"href":"https:\/\/iber.market\/de\/wp-json\/wp\/v2\/product_brand?post=198651"},{"taxonomy":"product_cat","embeddable":true,"href":"https:\/\/iber.market\/de\/wp-json\/wp\/v2\/product_cat?post=198651"},{"taxonomy":"product_tag","embeddable":true,"href":"https:\/\/iber.market\/de\/wp-json\/wp\/v2\/product_tag?post=198651"}],"curies":[{"name":"wp","href":"https:\/\/api.w.org\/{rel}","templated":true}]}}