{"id":198026,"date":"2026-02-24T03:53:54","date_gmt":"2026-02-24T03:53:54","guid":{"rendered":"https:\/\/iber.market\/producto\/crema-de-manos-cara-y-cuerpo-nivea-soft-hidratante-intensiva\/"},"modified":"2026-02-24T03:53:55","modified_gmt":"2026-02-24T03:53:55","slug":"crema-de-manos-cara-y-cuerpo-nivea-soft-hidratante-intensiva","status":"publish","type":"product","link":"https:\/\/iber.market\/de\/product\/crema-de-manos-cara-y-cuerpo-nivea-soft-hidratante-intensiva\/","title":{"rendered":"Nivea Soft Intensive Feuchtigkeitscreme f\u00fcr H\u00e4nde, Gesicht und K\u00f6rper"},"content":{"rendered":"<p>Crema de manos, cara y cuerpo Nivea Soft hidratante intensiva es una excelente opci\u00f3n para quienes viven fuera de Espa\u00f1a y quieren seguir utilizando productos de higiene y cuidado personal similares a los que se encuentran habitualmente en el mercado espa\u00f1ol. Pensado para expatriados espa\u00f1oles en Europa y consumidores que valoran la calidad y tradici\u00f3n de los productos espa\u00f1oles, ofreciendo comodidad y confianza en el cuidado diario.<\/p>","protected":false},"excerpt":{"rendered":"<p>Crema de manos, cara y cuerpo Nivea Soft hidratante intensiva con calidad inspirada en el cuidado personal habitual en Espa\u00f1a. Ideal para expatriados en Europa y amantes de los productos espa\u00f1oles.<\/p>","protected":false},"featured_media":198027,"template":"","meta":[],"product_brand":[],"product_cat":[365],"product_tag":[],"class_list":{"0":"post-198026","1":"product","2":"type-product","3":"status-publish","4":"has-post-thumbnail","6":"product_cat-cuidado-corporal-y-facial","8":"first","9":"instock","10":"taxable","11":"shipping-taxable","12":"purchasable","13":"product-type-simple"},"jetpack_sharing_enabled":true,"_links":{"self":[{"href":"https:\/\/iber.market\/de\/wp-json\/wp\/v2\/product\/198026","targetHints":{"allow":["GET"]}}],"collection":[{"href":"https:\/\/iber.market\/de\/wp-json\/wp\/v2\/product"}],"about":[{"href":"https:\/\/iber.market\/de\/wp-json\/wp\/v2\/types\/product"}],"wp:featuredmedia":[{"embeddable":true,"href":"https:\/\/iber.market\/de\/wp-json\/wp\/v2\/media\/198027"}],"wp:attachment":[{"href":"https:\/\/iber.market\/de\/wp-json\/wp\/v2\/media?parent=198026"}],"wp:term":[{"taxonomy":"product_brand","embeddable":true,"href":"https:\/\/iber.market\/de\/wp-json\/wp\/v2\/product_brand?post=198026"},{"taxonomy":"product_cat","embeddable":true,"href":"https:\/\/iber.market\/de\/wp-json\/wp\/v2\/product_cat?post=198026"},{"taxonomy":"product_tag","embeddable":true,"href":"https:\/\/iber.market\/de\/wp-json\/wp\/v2\/product_tag?post=198026"}],"curies":[{"name":"wp","href":"https:\/\/api.w.org\/{rel}","templated":true}]}}