{"id":197920,"date":"2026-02-24T03:53:27","date_gmt":"2026-02-24T03:53:27","guid":{"rendered":"https:\/\/iber.market\/producto\/crema-facial-noche-textura-rica-regen-skin-deliplus\/"},"modified":"2026-02-24T03:53:27","modified_gmt":"2026-02-24T03:53:27","slug":"deliplus-regen-haut-reichhaltige-textur-nacht-gesichtscreme","status":"publish","type":"product","link":"https:\/\/iber.market\/de\/product\/deliplus-regen-haut-reichhaltige-textur-nacht-gesichtscreme\/","title":{"rendered":"Deliplus Regen Skin Rich Texture Night Facial Cream"},"content":{"rendered":"<p>Die Deliplus Regen Skin Rich Texture Night Facial Cream ist eine ausgezeichnete Wahl f\u00fcr alle, die au\u00dferhalb Spaniens leben und weiterhin Hygiene- und K\u00f6rperpflegeprodukte verwenden m\u00f6chten, die den normalerweise auf dem spanischen Markt erh\u00e4ltlichen \u00e4hnlich sind. Sie wurde f\u00fcr im Ausland lebende Spanier in Europa und f\u00fcr Verbraucher entwickelt, die die Qualit\u00e4t und Tradition spanischer Produkte sch\u00e4tzen, und bietet Komfort und Vertrauen in die t\u00e4gliche Pflege.<\/p>","protected":false},"excerpt":{"rendered":"<p>Deliplus Regen Skin Rich Texture Nachtcreme mit Qualit\u00e4t inspiriert von der \u00fcblichen K\u00f6rperpflege in Spanien. Ideal f\u00fcr Expats in Europa und Liebhaber von spanischen Produkten.<\/p>","protected":false},"featured_media":197921,"template":"","meta":[],"product_brand":[],"product_cat":[365],"product_tag":[],"class_list":{"0":"post-197920","1":"product","2":"type-product","3":"status-publish","4":"has-post-thumbnail","6":"product_cat-cuidado-corporal-y-facial","8":"first","9":"instock","10":"taxable","11":"shipping-taxable","12":"purchasable","13":"product-type-simple"},"jetpack_sharing_enabled":true,"_links":{"self":[{"href":"https:\/\/iber.market\/de\/wp-json\/wp\/v2\/product\/197920","targetHints":{"allow":["GET"]}}],"collection":[{"href":"https:\/\/iber.market\/de\/wp-json\/wp\/v2\/product"}],"about":[{"href":"https:\/\/iber.market\/de\/wp-json\/wp\/v2\/types\/product"}],"wp:featuredmedia":[{"embeddable":true,"href":"https:\/\/iber.market\/de\/wp-json\/wp\/v2\/media\/197921"}],"wp:attachment":[{"href":"https:\/\/iber.market\/de\/wp-json\/wp\/v2\/media?parent=197920"}],"wp:term":[{"taxonomy":"product_brand","embeddable":true,"href":"https:\/\/iber.market\/de\/wp-json\/wp\/v2\/product_brand?post=197920"},{"taxonomy":"product_cat","embeddable":true,"href":"https:\/\/iber.market\/de\/wp-json\/wp\/v2\/product_cat?post=197920"},{"taxonomy":"product_tag","embeddable":true,"href":"https:\/\/iber.market\/de\/wp-json\/wp\/v2\/product_tag?post=197920"}],"curies":[{"name":"wp","href":"https:\/\/api.w.org\/{rel}","templated":true}]}}