{"id":197457,"date":"2026-02-24T03:52:10","date_gmt":"2026-02-24T03:52:10","guid":{"rendered":"https:\/\/iber.market\/producto\/dentifrico-anticaries-deliplus\/"},"modified":"2026-02-24T03:52:10","modified_gmt":"2026-02-24T03:52:10","slug":"deliplus-antikaries-zahnpasta","status":"publish","type":"product","link":"https:\/\/iber.market\/de\/product\/deliplus-antikaries-zahnpasta\/","title":{"rendered":"Deliplus Anti-Hohlraum-Zahnpasta"},"content":{"rendered":"<p>Dent\u00edfrico Anticaries Deliplus ist eine ausgezeichnete Option f\u00fcr alle, die au\u00dferhalb Spaniens leben und weiterhin Hygiene- und K\u00f6rperpflegeprodukte verwenden m\u00f6chten, die den auf dem spanischen Markt \u00fcblichen Produkten \u00e4hneln. Sie wurde f\u00fcr spanische Auswanderer in Europa und f\u00fcr Verbraucher entwickelt, die die Qualit\u00e4t und die Tradition spanischer Produkte sch\u00e4tzen, und bietet Komfort und Vertrauen in die t\u00e4gliche Pflege.<\/p>","protected":false},"excerpt":{"rendered":"<p>Deliplus Anticaries Zahnpasta mit Qualit\u00e4t inspiriert von der \u00fcblichen K\u00f6rperpflege in Spanien. Ideal f\u00fcr Expats in Europa und Liebhaber von spanischen Produkten.<\/p>","protected":false},"featured_media":197458,"template":"","meta":[],"product_brand":[],"product_cat":[369],"product_tag":[],"class_list":{"0":"post-197457","1":"product","2":"type-product","3":"status-publish","4":"has-post-thumbnail","6":"product_cat-higiene-bucal","8":"first","9":"instock","10":"taxable","11":"shipping-taxable","12":"purchasable","13":"product-type-simple"},"jetpack_sharing_enabled":true,"_links":{"self":[{"href":"https:\/\/iber.market\/de\/wp-json\/wp\/v2\/product\/197457","targetHints":{"allow":["GET"]}}],"collection":[{"href":"https:\/\/iber.market\/de\/wp-json\/wp\/v2\/product"}],"about":[{"href":"https:\/\/iber.market\/de\/wp-json\/wp\/v2\/types\/product"}],"wp:featuredmedia":[{"embeddable":true,"href":"https:\/\/iber.market\/de\/wp-json\/wp\/v2\/media\/197458"}],"wp:attachment":[{"href":"https:\/\/iber.market\/de\/wp-json\/wp\/v2\/media?parent=197457"}],"wp:term":[{"taxonomy":"product_brand","embeddable":true,"href":"https:\/\/iber.market\/de\/wp-json\/wp\/v2\/product_brand?post=197457"},{"taxonomy":"product_cat","embeddable":true,"href":"https:\/\/iber.market\/de\/wp-json\/wp\/v2\/product_cat?post=197457"},{"taxonomy":"product_tag","embeddable":true,"href":"https:\/\/iber.market\/de\/wp-json\/wp\/v2\/product_tag?post=197457"}],"curies":[{"name":"wp","href":"https:\/\/api.w.org\/{rel}","templated":true}]}}