{"id":197038,"date":"2026-02-24T03:50:55","date_gmt":"2026-02-24T03:50:55","guid":{"rendered":"https:\/\/iber.market\/producto\/corta-cuticulas-deliplus\/"},"modified":"2026-02-24T03:50:56","modified_gmt":"2026-02-24T03:50:56","slug":"deliplus-nagelhautschneider","status":"publish","type":"product","link":"https:\/\/iber.market\/de\/product\/deliplus-nagelhautschneider\/","title":{"rendered":"Deliplus Nagelhautschneider"},"content":{"rendered":"<p>Der Deliplus Nagelhautschneider ist eine ausgezeichnete Option f\u00fcr alle, die au\u00dferhalb Spaniens leben und weiterhin Hygiene- und K\u00f6rperpflegeprodukte verwenden m\u00f6chten, die den auf dem spanischen Markt \u00fcblichen Produkten \u00e4hneln. Er wurde f\u00fcr spanische Auswanderer in Europa und f\u00fcr Verbraucher entwickelt, die die Qualit\u00e4t und Tradition spanischer Produkte sch\u00e4tzen, und bietet Komfort und Vertrauen bei der t\u00e4glichen Pflege.<\/p>","protected":false},"excerpt":{"rendered":"<p>Deliplus Nagelhautschneider mit Qualit\u00e4t inspiriert von der \u00fcblichen K\u00f6rperpflege in Spanien. Ideal f\u00fcr Expats in Europa und Liebhaber von spanischen Produkten.<\/p>","protected":false},"featured_media":197039,"template":"","meta":[],"product_brand":[],"product_cat":[367],"product_tag":[],"class_list":{"0":"post-197038","1":"product","2":"type-product","3":"status-publish","4":"has-post-thumbnail","6":"product_cat-manicura-y-pedicura","8":"first","9":"instock","10":"taxable","11":"shipping-taxable","12":"purchasable","13":"product-type-simple"},"jetpack_sharing_enabled":true,"_links":{"self":[{"href":"https:\/\/iber.market\/de\/wp-json\/wp\/v2\/product\/197038","targetHints":{"allow":["GET"]}}],"collection":[{"href":"https:\/\/iber.market\/de\/wp-json\/wp\/v2\/product"}],"about":[{"href":"https:\/\/iber.market\/de\/wp-json\/wp\/v2\/types\/product"}],"wp:featuredmedia":[{"embeddable":true,"href":"https:\/\/iber.market\/de\/wp-json\/wp\/v2\/media\/197039"}],"wp:attachment":[{"href":"https:\/\/iber.market\/de\/wp-json\/wp\/v2\/media?parent=197038"}],"wp:term":[{"taxonomy":"product_brand","embeddable":true,"href":"https:\/\/iber.market\/de\/wp-json\/wp\/v2\/product_brand?post=197038"},{"taxonomy":"product_cat","embeddable":true,"href":"https:\/\/iber.market\/de\/wp-json\/wp\/v2\/product_cat?post=197038"},{"taxonomy":"product_tag","embeddable":true,"href":"https:\/\/iber.market\/de\/wp-json\/wp\/v2\/product_tag?post=197038"}],"curies":[{"name":"wp","href":"https:\/\/api.w.org\/{rel}","templated":true}]}}