{"id":196685,"date":"2026-02-23T17:17:52","date_gmt":"2026-02-23T17:17:52","guid":{"rendered":"https:\/\/iber.market\/producto\/cacao-soluble-colacao-original-2\/"},"modified":"2026-02-23T17:17:53","modified_gmt":"2026-02-23T17:17:53","slug":"cacao-soluble-colacao-original-2","status":"publish","type":"product","link":"https:\/\/iber.market\/de\/product\/cacao-soluble-colacao-original-2\/","title":{"rendered":"ColaCao l\u00f6slicher Kakao ColaCao original"},"content":{"rendered":"<p>Der l\u00f6sliche Kakao ColaCao original ist ideal f\u00fcr alle, die au\u00dferhalb Spaniens leben und weiterhin den gewohnten Geschmack von Kaffee, Kakao und Aufg\u00fcssen genie\u00dfen m\u00f6chten, der in der spanischen gastronomischen Kultur pr\u00e4sent ist. Ideal f\u00fcr Fr\u00fchst\u00fccke, Pausen oder Momente der Entspannung, wobei die Verbindung zu Spanien erhalten bleibt. Eine Option f\u00fcr im Ausland lebende Spanier und europ\u00e4ische Verbraucher, die typisch spanische Lebensmittel sch\u00e4tzen.<\/p>","protected":false},"excerpt":{"rendered":"<p>Original ColaCao l\u00f6slicher Kakao mit authentischem spanischen Geschmack. Ideal f\u00fcr Auswanderer in Europa und Liebhaber der spanischen K\u00fcche auf der Suche nach traditionellen Produkten.<\/p>","protected":false},"featured_media":196686,"template":"","meta":[],"product_brand":[],"product_cat":[103],"product_tag":[],"class_list":{"0":"post-196685","1":"product","2":"type-product","3":"status-publish","4":"has-post-thumbnail","6":"product_cat-cacao-y-chocolate-soluble","8":"first","9":"instock","10":"taxable","11":"shipping-taxable","12":"purchasable","13":"product-type-simple"},"jetpack_sharing_enabled":true,"_links":{"self":[{"href":"https:\/\/iber.market\/de\/wp-json\/wp\/v2\/product\/196685","targetHints":{"allow":["GET"]}}],"collection":[{"href":"https:\/\/iber.market\/de\/wp-json\/wp\/v2\/product"}],"about":[{"href":"https:\/\/iber.market\/de\/wp-json\/wp\/v2\/types\/product"}],"wp:featuredmedia":[{"embeddable":true,"href":"https:\/\/iber.market\/de\/wp-json\/wp\/v2\/media\/196686"}],"wp:attachment":[{"href":"https:\/\/iber.market\/de\/wp-json\/wp\/v2\/media?parent=196685"}],"wp:term":[{"taxonomy":"product_brand","embeddable":true,"href":"https:\/\/iber.market\/de\/wp-json\/wp\/v2\/product_brand?post=196685"},{"taxonomy":"product_cat","embeddable":true,"href":"https:\/\/iber.market\/de\/wp-json\/wp\/v2\/product_cat?post=196685"},{"taxonomy":"product_tag","embeddable":true,"href":"https:\/\/iber.market\/de\/wp-json\/wp\/v2\/product_tag?post=196685"}],"curies":[{"name":"wp","href":"https:\/\/api.w.org\/{rel}","templated":true}]}}