{"id":196256,"date":"2026-02-23T13:57:13","date_gmt":"2026-02-23T13:57:13","guid":{"rendered":"https:\/\/iber.market\/producto\/masa-filo\/"},"modified":"2026-02-23T13:57:14","modified_gmt":"2026-02-23T13:57:14","slug":"filoteig","status":"publish","type":"product","link":"https:\/\/iber.market\/de\/product\/filoteig\/","title":{"rendered":"Filoteig"},"content":{"rendered":"<p>Masa filo ist ideal f\u00fcr alle, die au\u00dferhalb Spaniens leben und den traditionellen Geschmack spanischer Back- und Konditoreiwaren weiterhin genie\u00dfen m\u00f6chten. Inspiriert von traditionellen spanischen Rezepten, ist es ideal f\u00fcr das Fr\u00fchst\u00fcck, Snacks oder s\u00fc\u00dfe Momente, wobei die Verbindung zur spanischen gastronomischen Kultur erhalten bleibt. Eine Option f\u00fcr Auswanderer und europ\u00e4ische Verbraucher, die typisch spanische Produkte sch\u00e4tzen.<\/p>","protected":false},"excerpt":{"rendered":"<p>Masa filo mit authentischem spanischen B\u00e4ckerei- und Konditoreigeschmack. Ideal f\u00fcr Auswanderer in Europa und Liebhaber der spanischen Gastronomie.<\/p>","protected":false},"featured_media":196257,"template":"","meta":[],"product_brand":[],"product_cat":[188],"product_tag":[],"class_list":{"0":"post-196256","1":"product","2":"type-product","3":"status-publish","4":"has-post-thumbnail","6":"product_cat-harinas-y-reposteria","8":"first","9":"instock","10":"taxable","11":"shipping-taxable","12":"purchasable","13":"product-type-simple"},"jetpack_sharing_enabled":true,"_links":{"self":[{"href":"https:\/\/iber.market\/de\/wp-json\/wp\/v2\/product\/196256","targetHints":{"allow":["GET"]}}],"collection":[{"href":"https:\/\/iber.market\/de\/wp-json\/wp\/v2\/product"}],"about":[{"href":"https:\/\/iber.market\/de\/wp-json\/wp\/v2\/types\/product"}],"wp:featuredmedia":[{"embeddable":true,"href":"https:\/\/iber.market\/de\/wp-json\/wp\/v2\/media\/196257"}],"wp:attachment":[{"href":"https:\/\/iber.market\/de\/wp-json\/wp\/v2\/media?parent=196256"}],"wp:term":[{"taxonomy":"product_brand","embeddable":true,"href":"https:\/\/iber.market\/de\/wp-json\/wp\/v2\/product_brand?post=196256"},{"taxonomy":"product_cat","embeddable":true,"href":"https:\/\/iber.market\/de\/wp-json\/wp\/v2\/product_cat?post=196256"},{"taxonomy":"product_tag","embeddable":true,"href":"https:\/\/iber.market\/de\/wp-json\/wp\/v2\/product_tag?post=196256"}],"curies":[{"name":"wp","href":"https:\/\/api.w.org\/{rel}","templated":true}]}}