{"id":196063,"date":"2026-02-23T13:09:41","date_gmt":"2026-02-23T13:09:41","guid":{"rendered":"https:\/\/iber.market\/producto\/atun-claro-en-aceite-de-oliva-hacendado-3\/"},"modified":"2026-02-23T13:49:18","modified_gmt":"2026-02-23T13:49:18","slug":"atun-claro-en-aceite-de-oliva-hacendado-3","status":"publish","type":"product","link":"https:\/\/iber.market\/de\/product\/atun-claro-en-aceite-de-oliva-hacendado-3\/","title":{"rendered":"Gelbflossenthunfisch in Hacendado-Oliven\u00f6l"},"content":{"rendered":"<p>Hacendado leichter Thunfisch in Oliven\u00f6l ist perfekt f\u00fcr alle, die au\u00dferhalb Spaniens leben und die spanische K\u00fcche auch in Europa genie\u00dfen m\u00f6chten. Inspiriert von Rezepten, die in spanischen Haushalten \u00fcblich sind, ist es ideal f\u00fcr die Zubereitung schneller Mahlzeiten, ohne dass der traditionelle Geschmack verloren geht. Ideal f\u00fcr Auswanderer, spanische Familien im Ausland und alle, die die spanische K\u00fcche sch\u00e4tzen. Eine unverzichtbare Grundlage, um die Verbindung zur spanischen kulinarischen Kultur aufrechtzuerhalten, wo auch immer Sie sich befinden.<\/p>","protected":false},"excerpt":{"rendered":"<p>Hacendado leichter Thunfisch in Oliven\u00f6l mit authentischem spanischen Geschmack. Ideal f\u00fcr Auswanderer in Europa und f\u00fcr Liebhaber der spanischen K\u00fcche, die auf der Suche nach traditionellen Produkten sind.<\/p>","protected":false},"featured_media":196064,"template":"","meta":[],"product_brand":[],"product_cat":[136],"product_tag":[],"class_list":{"0":"post-196063","1":"product","2":"type-product","3":"status-publish","4":"has-post-thumbnail","6":"product_cat-conservas-de-pescado-y-marisco","8":"first","9":"instock","10":"taxable","11":"shipping-taxable","12":"purchasable","13":"product-type-simple"},"jetpack_sharing_enabled":true,"_links":{"self":[{"href":"https:\/\/iber.market\/de\/wp-json\/wp\/v2\/product\/196063","targetHints":{"allow":["GET"]}}],"collection":[{"href":"https:\/\/iber.market\/de\/wp-json\/wp\/v2\/product"}],"about":[{"href":"https:\/\/iber.market\/de\/wp-json\/wp\/v2\/types\/product"}],"wp:featuredmedia":[{"embeddable":true,"href":"https:\/\/iber.market\/de\/wp-json\/wp\/v2\/media\/196064"}],"wp:attachment":[{"href":"https:\/\/iber.market\/de\/wp-json\/wp\/v2\/media?parent=196063"}],"wp:term":[{"taxonomy":"product_brand","embeddable":true,"href":"https:\/\/iber.market\/de\/wp-json\/wp\/v2\/product_brand?post=196063"},{"taxonomy":"product_cat","embeddable":true,"href":"https:\/\/iber.market\/de\/wp-json\/wp\/v2\/product_cat?post=196063"},{"taxonomy":"product_tag","embeddable":true,"href":"https:\/\/iber.market\/de\/wp-json\/wp\/v2\/product_tag?post=196063"}],"curies":[{"name":"wp","href":"https:\/\/api.w.org\/{rel}","templated":true}]}}