{"id":195384,"date":"2026-02-21T22:28:12","date_gmt":"2026-02-21T22:28:12","guid":{"rendered":"https:\/\/iber.market\/producto\/bebida-energetica-red-bull-2\/"},"modified":"2026-02-21T22:28:12","modified_gmt":"2026-02-21T22:28:12","slug":"red-bull-energy-drink-2","status":"publish","type":"product","link":"https:\/\/iber.market\/de\/product\/red-bull-energy-drink-2\/","title":{"rendered":"Red Bull Energy Drink"},"content":{"rendered":"<p>Red Bull Energy-Drink ist die perfekte Wahl f\u00fcr alle, die auch in Europa den gewohnten Geschmack Spaniens genie\u00dfen wollen, oder f\u00fcr alle, die die spanische K\u00fcche zu sch\u00e4tzen wissen. Sein 6er-Pack ist praktisch f\u00fcr den t\u00e4glichen Gebrauch, f\u00fcr Meetings oder den regelm\u00e4\u00dfigen Konsum. Ein Produkt, das die Verbindung zur spanischen Gastronomie aufrechterhalten soll, das sich leicht in internationale Eink\u00e4ufe integrieren l\u00e4sst und den Charakter der Produkte hat, die in Spanien \u00fcblicherweise konsumiert werden.<\/p>","protected":false},"excerpt":{"rendered":"<p>Genie\u00dfen Sie Red Bull Energy Drink mit authentischem spanischen Geschmack. Ideal f\u00fcr Auswanderer und Liebhaber der spanischen K\u00fcche in Europa. 6er-Pack-Format.<\/p>","protected":false},"featured_media":195385,"template":"","meta":[],"product_brand":[],"product_cat":[68],"product_tag":[],"class_list":{"0":"post-195384","1":"product","2":"type-product","3":"status-publish","4":"has-post-thumbnail","6":"product_cat-isotonicas-y-energeticas","8":"first","9":"instock","10":"taxable","11":"shipping-taxable","12":"purchasable","13":"product-type-simple"},"jetpack_sharing_enabled":true,"_links":{"self":[{"href":"https:\/\/iber.market\/de\/wp-json\/wp\/v2\/product\/195384","targetHints":{"allow":["GET"]}}],"collection":[{"href":"https:\/\/iber.market\/de\/wp-json\/wp\/v2\/product"}],"about":[{"href":"https:\/\/iber.market\/de\/wp-json\/wp\/v2\/types\/product"}],"wp:featuredmedia":[{"embeddable":true,"href":"https:\/\/iber.market\/de\/wp-json\/wp\/v2\/media\/195385"}],"wp:attachment":[{"href":"https:\/\/iber.market\/de\/wp-json\/wp\/v2\/media?parent=195384"}],"wp:term":[{"taxonomy":"product_brand","embeddable":true,"href":"https:\/\/iber.market\/de\/wp-json\/wp\/v2\/product_brand?post=195384"},{"taxonomy":"product_cat","embeddable":true,"href":"https:\/\/iber.market\/de\/wp-json\/wp\/v2\/product_cat?post=195384"},{"taxonomy":"product_tag","embeddable":true,"href":"https:\/\/iber.market\/de\/wp-json\/wp\/v2\/product_tag?post=195384"}],"curies":[{"name":"wp","href":"https:\/\/api.w.org\/{rel}","templated":true}]}}