{"id":195360,"date":"2026-02-21T22:28:06","date_gmt":"2026-02-21T22:28:06","guid":{"rendered":"https:\/\/iber.market\/producto\/malta-maltin-polar-2\/"},"modified":"2026-02-21T22:28:07","modified_gmt":"2026-02-21T22:28:07","slug":"malta-maltin-polar-2","status":"publish","type":"product","link":"https:\/\/iber.market\/de\/product\/malta-maltin-polar-2\/","title":{"rendered":"Malt\u00edn Polar Malt"},"content":{"rendered":"<p>Malta Malt\u00edn Polar ist die perfekte Wahl f\u00fcr alle, die die traditionellen Aromen Spaniens weiterhin genie\u00dfen m\u00f6chten, w\u00e4hrend sie in Europa leben, oder f\u00fcr alle, die spanisches Essen sch\u00e4tzen. Sein 6er-Pack ist praktisch f\u00fcr den t\u00e4glichen Gebrauch, f\u00fcr Treffen oder den regelm\u00e4\u00dfigen Konsum. Ein Produkt, das die Verbindung zur spanischen Gastronomie aufrechterhalten soll, das sich leicht in internationale Eink\u00e4ufe integrieren l\u00e4sst und den Charakter der Produkte aufweist, die \u00fcblicherweise in Spanien konsumiert werden.<\/p>","protected":false},"excerpt":{"rendered":"<p>Genie\u00dfen Sie Malta Malt\u00edn Polar mit einem authentischen spanischen Geschmack. Ideal f\u00fcr Auswanderer und Liebhaber der spanischen Gastronomie in Europa. 6er-Pack-Format.<\/p>","protected":false},"featured_media":195361,"template":"","meta":[],"product_brand":[],"product_cat":[68],"product_tag":[],"class_list":{"0":"post-195360","1":"product","2":"type-product","3":"status-publish","4":"has-post-thumbnail","6":"product_cat-isotonicas-y-energeticas","8":"first","9":"instock","10":"taxable","11":"shipping-taxable","12":"purchasable","13":"product-type-simple"},"jetpack_sharing_enabled":true,"_links":{"self":[{"href":"https:\/\/iber.market\/de\/wp-json\/wp\/v2\/product\/195360","targetHints":{"allow":["GET"]}}],"collection":[{"href":"https:\/\/iber.market\/de\/wp-json\/wp\/v2\/product"}],"about":[{"href":"https:\/\/iber.market\/de\/wp-json\/wp\/v2\/types\/product"}],"wp:featuredmedia":[{"embeddable":true,"href":"https:\/\/iber.market\/de\/wp-json\/wp\/v2\/media\/195361"}],"wp:attachment":[{"href":"https:\/\/iber.market\/de\/wp-json\/wp\/v2\/media?parent=195360"}],"wp:term":[{"taxonomy":"product_brand","embeddable":true,"href":"https:\/\/iber.market\/de\/wp-json\/wp\/v2\/product_brand?post=195360"},{"taxonomy":"product_cat","embeddable":true,"href":"https:\/\/iber.market\/de\/wp-json\/wp\/v2\/product_cat?post=195360"},{"taxonomy":"product_tag","embeddable":true,"href":"https:\/\/iber.market\/de\/wp-json\/wp\/v2\/product_tag?post=195360"}],"curies":[{"name":"wp","href":"https:\/\/api.w.org\/{rel}","templated":true}]}}