{"id":195330,"date":"2026-02-21T22:27:56","date_gmt":"2026-02-21T22:27:56","guid":{"rendered":"https:\/\/iber.market\/producto\/refresco-coca-cola-5\/"},"modified":"2026-02-21T22:27:56","modified_gmt":"2026-02-21T22:27:56","slug":"refresco-coca-cola-5","status":"publish","type":"product","link":"https:\/\/iber.market\/de\/product\/refresco-coca-cola-5\/","title":{"rendered":"Coca-Cola Erfrischungsgetr\u00e4nk"},"content":{"rendered":"<p>Refresco Coca-Cola ist die perfekte Wahl f\u00fcr alle, die den traditionellen Geschmack Spaniens weiterhin genie\u00dfen m\u00f6chten, w\u00e4hrend sie in Europa leben, oder f\u00fcr alle, die die spanische K\u00fcche zu sch\u00e4tzen wissen. Das Flaschenformat macht es praktisch f\u00fcr den t\u00e4glichen Gebrauch, f\u00fcr Treffen oder den regelm\u00e4\u00dfigen Konsum. Ein Produkt, das die Verbindung zur spanischen Gastronomie aufrechterhalten soll, das sich leicht in internationale Eink\u00e4ufe integrieren l\u00e4sst und den Charakter der Produkte hat, die \u00fcblicherweise in Spanien konsumiert werden.<\/p>","protected":false},"excerpt":{"rendered":"<p>Genie\u00dfen Sie Refresco Coca-Cola mit authentischem spanischen Geschmack. Ideal f\u00fcr Expatriates und Liebhaber der spanischen Gastronomie in Europa. Format der Flasche.<\/p>","protected":false},"featured_media":195331,"template":"","meta":[],"product_brand":[],"product_cat":[69],"product_tag":[],"class_list":{"0":"post-195330","1":"product","2":"type-product","3":"status-publish","4":"has-post-thumbnail","6":"product_cat-refrescos-y-tonicas","8":"first","9":"instock","10":"taxable","11":"shipping-taxable","12":"purchasable","13":"product-type-simple"},"jetpack_sharing_enabled":true,"_links":{"self":[{"href":"https:\/\/iber.market\/de\/wp-json\/wp\/v2\/product\/195330","targetHints":{"allow":["GET"]}}],"collection":[{"href":"https:\/\/iber.market\/de\/wp-json\/wp\/v2\/product"}],"about":[{"href":"https:\/\/iber.market\/de\/wp-json\/wp\/v2\/types\/product"}],"wp:featuredmedia":[{"embeddable":true,"href":"https:\/\/iber.market\/de\/wp-json\/wp\/v2\/media\/195331"}],"wp:attachment":[{"href":"https:\/\/iber.market\/de\/wp-json\/wp\/v2\/media?parent=195330"}],"wp:term":[{"taxonomy":"product_brand","embeddable":true,"href":"https:\/\/iber.market\/de\/wp-json\/wp\/v2\/product_brand?post=195330"},{"taxonomy":"product_cat","embeddable":true,"href":"https:\/\/iber.market\/de\/wp-json\/wp\/v2\/product_cat?post=195330"},{"taxonomy":"product_tag","embeddable":true,"href":"https:\/\/iber.market\/de\/wp-json\/wp\/v2\/product_tag?post=195330"}],"curies":[{"name":"wp","href":"https:\/\/api.w.org\/{rel}","templated":true}]}}