{"id":195282,"date":"2026-02-21T22:27:44","date_gmt":"2026-02-21T22:27:44","guid":{"rendered":"https:\/\/iber.market\/producto\/refresco-coca-cola-light-2\/"},"modified":"2026-02-21T22:27:44","modified_gmt":"2026-02-21T22:27:44","slug":"cola-light-2","status":"publish","type":"product","link":"https:\/\/iber.market\/de\/product\/cola-light-2\/","title":{"rendered":"Cola light"},"content":{"rendered":"<p>Refresco Coca-Cola light ist die perfekte Wahl f\u00fcr alle, die die traditionellen Aromen Spaniens weiterhin genie\u00dfen m\u00f6chten, w\u00e4hrend sie in Europa leben, oder f\u00fcr alle, die spanisches Essen zu sch\u00e4tzen wissen. Die 9er-Packung ist praktisch f\u00fcr den t\u00e4glichen Gebrauch, f\u00fcr Meetings oder den regelm\u00e4\u00dfigen Konsum. Ein Produkt, das die Verbindung zur spanischen Gastronomie aufrechterhalten soll, das sich leicht in internationale Eink\u00e4ufe integrieren l\u00e4sst und das den Charakter der in Spanien \u00fcblicherweise konsumierten Produkte aufweist.<\/p>","protected":false},"excerpt":{"rendered":"<p>Genie\u00dfen Sie Cola Light mit authentischem spanischen Geschmack. Ideal f\u00fcr Auswanderer und Liebhaber der spanischen K\u00fcche in Europa. Pack-9-Format.<\/p>","protected":false},"featured_media":195283,"template":"","meta":[],"product_brand":[],"product_cat":[69],"product_tag":[],"class_list":{"0":"post-195282","1":"product","2":"type-product","3":"status-publish","4":"has-post-thumbnail","6":"product_cat-refrescos-y-tonicas","8":"first","9":"instock","10":"taxable","11":"shipping-taxable","12":"purchasable","13":"product-type-simple"},"jetpack_sharing_enabled":true,"_links":{"self":[{"href":"https:\/\/iber.market\/de\/wp-json\/wp\/v2\/product\/195282","targetHints":{"allow":["GET"]}}],"collection":[{"href":"https:\/\/iber.market\/de\/wp-json\/wp\/v2\/product"}],"about":[{"href":"https:\/\/iber.market\/de\/wp-json\/wp\/v2\/types\/product"}],"wp:featuredmedia":[{"embeddable":true,"href":"https:\/\/iber.market\/de\/wp-json\/wp\/v2\/media\/195283"}],"wp:attachment":[{"href":"https:\/\/iber.market\/de\/wp-json\/wp\/v2\/media?parent=195282"}],"wp:term":[{"taxonomy":"product_brand","embeddable":true,"href":"https:\/\/iber.market\/de\/wp-json\/wp\/v2\/product_brand?post=195282"},{"taxonomy":"product_cat","embeddable":true,"href":"https:\/\/iber.market\/de\/wp-json\/wp\/v2\/product_cat?post=195282"},{"taxonomy":"product_tag","embeddable":true,"href":"https:\/\/iber.market\/de\/wp-json\/wp\/v2\/product_tag?post=195282"}],"curies":[{"name":"wp","href":"https:\/\/api.w.org\/{rel}","templated":true}]}}