{"id":195109,"date":"2026-02-21T22:26:47","date_gmt":"2026-02-21T22:26:47","guid":{"rendered":"https:\/\/iber.market\/producto\/bitter-kas-sin-alcohol\/"},"modified":"2026-02-21T22:26:47","modified_gmt":"2026-02-21T22:26:47","slug":"bitter-kas-alkoholfrei","status":"publish","type":"product","link":"https:\/\/iber.market\/de\/product\/bitter-kas-alkoholfrei\/","title":{"rendered":"Alkoholfreier Bitter Kas"},"content":{"rendered":"<p>Bitter Kas alkoholfrei ist die perfekte Wahl f\u00fcr alle, die die traditionellen Aromen Spaniens weiterhin genie\u00dfen m\u00f6chten, w\u00e4hrend sie in Europa leben, oder f\u00fcr alle, die die spanische K\u00fcche zu sch\u00e4tzen wissen. Sein Dosenformat macht es praktisch f\u00fcr den t\u00e4glichen Gebrauch, f\u00fcr Treffen oder den regelm\u00e4\u00dfigen Konsum. Ein Produkt, das die Verbindung zur spanischen Gastronomie aufrechterhalten soll, das sich leicht in internationale Eink\u00e4ufe integrieren l\u00e4sst und den Charakter der Produkte aufweist, die \u00fcblicherweise in Spanien konsumiert werden.<\/p>","protected":false},"excerpt":{"rendered":"<p>Genie\u00dfen Sie alkoholfreien Bitter Kas mit authentischem spanischen Geschmack. Ideal f\u00fcr Auswanderer und Liebhaber der spanischen Gastronomie in Europa. Dosenformat.<\/p>","protected":false},"featured_media":195110,"template":"","meta":[],"product_brand":[],"product_cat":[69],"product_tag":[],"class_list":{"0":"post-195109","1":"product","2":"type-product","3":"status-publish","4":"has-post-thumbnail","6":"product_cat-refrescos-y-tonicas","8":"first","9":"instock","10":"taxable","11":"shipping-taxable","12":"purchasable","13":"product-type-simple"},"jetpack_sharing_enabled":true,"_links":{"self":[{"href":"https:\/\/iber.market\/de\/wp-json\/wp\/v2\/product\/195109","targetHints":{"allow":["GET"]}}],"collection":[{"href":"https:\/\/iber.market\/de\/wp-json\/wp\/v2\/product"}],"about":[{"href":"https:\/\/iber.market\/de\/wp-json\/wp\/v2\/types\/product"}],"wp:featuredmedia":[{"embeddable":true,"href":"https:\/\/iber.market\/de\/wp-json\/wp\/v2\/media\/195110"}],"wp:attachment":[{"href":"https:\/\/iber.market\/de\/wp-json\/wp\/v2\/media?parent=195109"}],"wp:term":[{"taxonomy":"product_brand","embeddable":true,"href":"https:\/\/iber.market\/de\/wp-json\/wp\/v2\/product_brand?post=195109"},{"taxonomy":"product_cat","embeddable":true,"href":"https:\/\/iber.market\/de\/wp-json\/wp\/v2\/product_cat?post=195109"},{"taxonomy":"product_tag","embeddable":true,"href":"https:\/\/iber.market\/de\/wp-json\/wp\/v2\/product_tag?post=195109"}],"curies":[{"name":"wp","href":"https:\/\/api.w.org\/{rel}","templated":true}]}}