{"id":194625,"date":"2026-02-21T16:42:15","date_gmt":"2026-02-21T16:42:15","guid":{"rendered":"https:\/\/iber.market\/producto\/mayonesa-hellmanns\/"},"modified":"2026-02-21T16:42:16","modified_gmt":"2026-02-21T16:42:16","slug":"mayonesa-hellmanns","status":"publish","type":"product","link":"https:\/\/iber.market\/de\/product\/mayonesa-hellmanns\/","title":{"rendered":"Mayonesa Hellmann&#8217;s"},"content":{"rendered":"<p>Mayonesa Hellmann&#8217;s es un producto muy apreciado dentro de la gastronom\u00eda espa\u00f1ola. Perfecto para expatriados espa\u00f1oles que quieren seguir disfrutando de sabores de casa o para europeos que buscan descubrir comida espa\u00f1ola aut\u00e9ntica.<\/p>\n<p>Ideal f\u00fcr die Zubereitung von mediterranen Gerichten, Tapas oder traditionellen Rezepten, wobei der charakteristische Geschmack erhalten bleibt, der die spanische K\u00fcche in ganz Europa so beliebt macht.<\/p>","protected":false},"excerpt":{"rendered":"<p>Mayonesa Hellmann&#8217;s. Producto t\u00edpico espa\u00f1ol ideal para expatriados y amantes de la gastronom\u00eda espa\u00f1ola en Europa.<\/p>","protected":false},"featured_media":194626,"template":"","meta":[],"product_brand":[],"product_cat":[214],"product_tag":[],"class_list":{"0":"post-194625","1":"product","2":"type-product","3":"status-publish","4":"has-post-thumbnail","6":"product_cat-salsas-y-condimentos","8":"first","9":"instock","10":"taxable","11":"shipping-taxable","12":"purchasable","13":"product-type-simple"},"jetpack_sharing_enabled":true,"_links":{"self":[{"href":"https:\/\/iber.market\/de\/wp-json\/wp\/v2\/product\/194625","targetHints":{"allow":["GET"]}}],"collection":[{"href":"https:\/\/iber.market\/de\/wp-json\/wp\/v2\/product"}],"about":[{"href":"https:\/\/iber.market\/de\/wp-json\/wp\/v2\/types\/product"}],"wp:featuredmedia":[{"embeddable":true,"href":"https:\/\/iber.market\/de\/wp-json\/wp\/v2\/media\/194626"}],"wp:attachment":[{"href":"https:\/\/iber.market\/de\/wp-json\/wp\/v2\/media?parent=194625"}],"wp:term":[{"taxonomy":"product_brand","embeddable":true,"href":"https:\/\/iber.market\/de\/wp-json\/wp\/v2\/product_brand?post=194625"},{"taxonomy":"product_cat","embeddable":true,"href":"https:\/\/iber.market\/de\/wp-json\/wp\/v2\/product_cat?post=194625"},{"taxonomy":"product_tag","embeddable":true,"href":"https:\/\/iber.market\/de\/wp-json\/wp\/v2\/product_tag?post=194625"}],"curies":[{"name":"wp","href":"https:\/\/api.w.org\/{rel}","templated":true}]}}