{"id":194616,"date":"2026-02-21T16:42:11","date_gmt":"2026-02-21T16:42:11","guid":{"rendered":"https:\/\/iber.market\/producto\/mayonesa-ybarra\/"},"modified":"2026-02-21T16:42:11","modified_gmt":"2026-02-21T16:42:11","slug":"mayonnaise-ybarra","status":"publish","type":"product","link":"https:\/\/iber.market\/de\/product\/mayonnaise-ybarra\/","title":{"rendered":"Ybarra-Mayonnaise"},"content":{"rendered":"<p>Ybarra-Mayonnaise ist ein in der spanischen Gastronomie sehr gesch\u00e4tztes Produkt. Sie eignet sich perfekt f\u00fcr im Ausland lebende Spanier, die weiterhin die Aromen ihrer Heimat genie\u00dfen m\u00f6chten, oder f\u00fcr Europ\u00e4er, die die authentische spanische K\u00fcche entdecken wollen.<\/p>\n<p>Ideal f\u00fcr die Zubereitung von mediterranen Gerichten, Tapas oder traditionellen Rezepten, wobei der charakteristische Geschmack erhalten bleibt, der die spanische K\u00fcche in ganz Europa so beliebt macht.<\/p>","protected":false},"excerpt":{"rendered":"<p>Ybarra-Mayonnaise. Ein typisch spanisches Produkt, ideal f\u00fcr Expatriates und Liebhaber der spanischen Gastronomie in Europa.<\/p>","protected":false},"featured_media":194617,"template":"","meta":[],"product_brand":[],"product_cat":[214],"product_tag":[],"class_list":{"0":"post-194616","1":"product","2":"type-product","3":"status-publish","4":"has-post-thumbnail","6":"product_cat-salsas-y-condimentos","8":"first","9":"instock","10":"taxable","11":"shipping-taxable","12":"purchasable","13":"product-type-simple"},"jetpack_sharing_enabled":true,"_links":{"self":[{"href":"https:\/\/iber.market\/de\/wp-json\/wp\/v2\/product\/194616","targetHints":{"allow":["GET"]}}],"collection":[{"href":"https:\/\/iber.market\/de\/wp-json\/wp\/v2\/product"}],"about":[{"href":"https:\/\/iber.market\/de\/wp-json\/wp\/v2\/types\/product"}],"wp:featuredmedia":[{"embeddable":true,"href":"https:\/\/iber.market\/de\/wp-json\/wp\/v2\/media\/194617"}],"wp:attachment":[{"href":"https:\/\/iber.market\/de\/wp-json\/wp\/v2\/media?parent=194616"}],"wp:term":[{"taxonomy":"product_brand","embeddable":true,"href":"https:\/\/iber.market\/de\/wp-json\/wp\/v2\/product_brand?post=194616"},{"taxonomy":"product_cat","embeddable":true,"href":"https:\/\/iber.market\/de\/wp-json\/wp\/v2\/product_cat?post=194616"},{"taxonomy":"product_tag","embeddable":true,"href":"https:\/\/iber.market\/de\/wp-json\/wp\/v2\/product_tag?post=194616"}],"curies":[{"name":"wp","href":"https:\/\/api.w.org\/{rel}","templated":true}]}}