{"id":194474,"date":"2026-02-21T15:28:27","date_gmt":"2026-02-21T15:28:27","guid":{"rendered":"https:\/\/iber.market\/producto\/curry-hacendado\/"},"modified":"2026-02-21T16:43:02","modified_gmt":"2026-02-21T16:43:02","slug":"curry-hacendado","status":"publish","type":"product","link":"https:\/\/iber.market\/de\/product\/curry-hacendado\/","title":{"rendered":"Hacendado-Curry"},"content":{"rendered":"<p>Sorgf\u00e4ltig ausgew\u00e4hltes Curry f\u00fcr gleichbleibende Qualit\u00e4t und authentischen Geschmack. Perfekt zum Kochen, W\u00fcrzen oder Erg\u00e4nzen von traditionellen und modernen Rezepten. Praktisches Format, leicht zu lagern und f\u00fcr europ\u00e4ische Verbraucher gedacht, die regelm\u00e4\u00dfig spanische Vorratsprodukte zu einem guten Preis-Leistungs-Verh\u00e4ltnis suchen.<\/p>","protected":false},"excerpt":{"rendered":"<p>Curry. Ein aufgrund seiner Qualit\u00e4t und seines Geschmacks ausgew\u00e4hltes Lebensmittel, ideal f\u00fcr den t\u00e4glichen Gebrauch in der europ\u00e4ischen K\u00fcche.<\/p>","protected":false},"featured_media":194475,"template":"","meta":[],"product_brand":[],"product_cat":[213],"product_tag":[],"class_list":{"0":"post-194474","1":"product","2":"type-product","3":"status-publish","4":"has-post-thumbnail","6":"product_cat-especias-y-hierbas","8":"first","9":"instock","10":"taxable","11":"shipping-taxable","12":"purchasable","13":"product-type-simple"},"jetpack_sharing_enabled":true,"_links":{"self":[{"href":"https:\/\/iber.market\/de\/wp-json\/wp\/v2\/product\/194474","targetHints":{"allow":["GET"]}}],"collection":[{"href":"https:\/\/iber.market\/de\/wp-json\/wp\/v2\/product"}],"about":[{"href":"https:\/\/iber.market\/de\/wp-json\/wp\/v2\/types\/product"}],"wp:featuredmedia":[{"embeddable":true,"href":"https:\/\/iber.market\/de\/wp-json\/wp\/v2\/media\/194475"}],"wp:attachment":[{"href":"https:\/\/iber.market\/de\/wp-json\/wp\/v2\/media?parent=194474"}],"wp:term":[{"taxonomy":"product_brand","embeddable":true,"href":"https:\/\/iber.market\/de\/wp-json\/wp\/v2\/product_brand?post=194474"},{"taxonomy":"product_cat","embeddable":true,"href":"https:\/\/iber.market\/de\/wp-json\/wp\/v2\/product_cat?post=194474"},{"taxonomy":"product_tag","embeddable":true,"href":"https:\/\/iber.market\/de\/wp-json\/wp\/v2\/product_tag?post=194474"}],"curies":[{"name":"wp","href":"https:\/\/api.w.org\/{rel}","templated":true}]}}