{"id":194408,"date":"2026-02-21T15:28:10","date_gmt":"2026-02-21T15:28:10","guid":{"rendered":"https:\/\/iber.market\/producto\/sal-fina-hacendado\/"},"modified":"2026-02-21T16:42:47","modified_gmt":"2026-02-21T16:42:47","slug":"feinsalz-hacendado","status":"publish","type":"product","link":"https:\/\/iber.market\/de\/product\/feinsalz-hacendado\/","title":{"rendered":"Hacendado feines Salz"},"content":{"rendered":"<p>Sorgf\u00e4ltig ausgew\u00e4hltes Feinsalz, das eine gleichbleibende Qualit\u00e4t und einen authentischen Geschmack bietet. Perfekt zum Kochen, W\u00fcrzen oder Erg\u00e4nzen von traditionellen und modernen Rezepten. Praktisches Format, leicht aufzubewahren und f\u00fcr europ\u00e4ische Verbraucher gedacht, die regelm\u00e4\u00dfig spanische Vorratsprodukte zu einem guten Preis-Leistungs-Verh\u00e4ltnis suchen.<\/p>","protected":false},"excerpt":{"rendered":"<p>Feines Salz. Lebensmittelprodukt, das aufgrund seiner Qualit\u00e4t und seines Geschmacks ausgew\u00e4hlt wurde, ideal f\u00fcr den t\u00e4glichen Gebrauch in der europ\u00e4ischen K\u00fcche.<\/p>","protected":false},"featured_media":194409,"template":"","meta":[],"product_brand":[],"product_cat":[212],"product_tag":[],"class_list":{"0":"post-194408","1":"product","2":"type-product","3":"status-publish","4":"has-post-thumbnail","6":"product_cat-sales-y-bicarbonatos","8":"first","9":"instock","10":"taxable","11":"shipping-taxable","12":"purchasable","13":"product-type-simple"},"jetpack_sharing_enabled":true,"_links":{"self":[{"href":"https:\/\/iber.market\/de\/wp-json\/wp\/v2\/product\/194408","targetHints":{"allow":["GET"]}}],"collection":[{"href":"https:\/\/iber.market\/de\/wp-json\/wp\/v2\/product"}],"about":[{"href":"https:\/\/iber.market\/de\/wp-json\/wp\/v2\/types\/product"}],"wp:featuredmedia":[{"embeddable":true,"href":"https:\/\/iber.market\/de\/wp-json\/wp\/v2\/media\/194409"}],"wp:attachment":[{"href":"https:\/\/iber.market\/de\/wp-json\/wp\/v2\/media?parent=194408"}],"wp:term":[{"taxonomy":"product_brand","embeddable":true,"href":"https:\/\/iber.market\/de\/wp-json\/wp\/v2\/product_brand?post=194408"},{"taxonomy":"product_cat","embeddable":true,"href":"https:\/\/iber.market\/de\/wp-json\/wp\/v2\/product_cat?post=194408"},{"taxonomy":"product_tag","embeddable":true,"href":"https:\/\/iber.market\/de\/wp-json\/wp\/v2\/product_tag?post=194408"}],"curies":[{"name":"wp","href":"https:\/\/api.w.org\/{rel}","templated":true}]}}