{"id":194329,"date":"2026-02-21T15:27:49","date_gmt":"2026-02-21T15:27:49","guid":{"rendered":"https:\/\/iber.market\/producto\/salsa-de-soja-hacendado\/"},"modified":"2026-02-21T16:42:32","modified_gmt":"2026-02-21T16:42:32","slug":"salsa-de-soja-hacendado","status":"publish","type":"product","link":"https:\/\/iber.market\/de\/product\/salsa-de-soja-hacendado\/","title":{"rendered":"Hacendado-Sojaso\u00dfe"},"content":{"rendered":"<p>Salsa de Soja cuidadosamente seleccionado para ofrecer calidad constante y sabor aut\u00e9ntico. Perfecto para cocinar, condimentar o complementar recetas tradicionales y modernas. Formato pr\u00e1ctico, f\u00e1cil de conservar y pensado para consumidores europeos que buscan productos habituales de despensa espa\u00f1ola con buena relaci\u00f3n calidad\u2011precio.<\/p>","protected":false},"excerpt":{"rendered":"<p>Salsa de Soja. Producto de alimentaci\u00f3n seleccionado por su calidad y sabor, ideal para uso diario en cocina europea.<\/p>","protected":false},"featured_media":194330,"template":"","meta":[],"product_brand":[],"product_cat":[214],"product_tag":[],"class_list":{"0":"post-194329","1":"product","2":"type-product","3":"status-publish","4":"has-post-thumbnail","6":"product_cat-salsas-y-condimentos","8":"first","9":"instock","10":"taxable","11":"shipping-taxable","12":"purchasable","13":"product-type-simple"},"jetpack_sharing_enabled":true,"_links":{"self":[{"href":"https:\/\/iber.market\/de\/wp-json\/wp\/v2\/product\/194329","targetHints":{"allow":["GET"]}}],"collection":[{"href":"https:\/\/iber.market\/de\/wp-json\/wp\/v2\/product"}],"about":[{"href":"https:\/\/iber.market\/de\/wp-json\/wp\/v2\/types\/product"}],"wp:featuredmedia":[{"embeddable":true,"href":"https:\/\/iber.market\/de\/wp-json\/wp\/v2\/media\/194330"}],"wp:attachment":[{"href":"https:\/\/iber.market\/de\/wp-json\/wp\/v2\/media?parent=194329"}],"wp:term":[{"taxonomy":"product_brand","embeddable":true,"href":"https:\/\/iber.market\/de\/wp-json\/wp\/v2\/product_brand?post=194329"},{"taxonomy":"product_cat","embeddable":true,"href":"https:\/\/iber.market\/de\/wp-json\/wp\/v2\/product_cat?post=194329"},{"taxonomy":"product_tag","embeddable":true,"href":"https:\/\/iber.market\/de\/wp-json\/wp\/v2\/product_tag?post=194329"}],"curies":[{"name":"wp","href":"https:\/\/api.w.org\/{rel}","templated":true}]}}