{"id":193784,"date":"2026-02-21T13:32:34","date_gmt":"2026-02-21T13:32:34","guid":{"rendered":"https:\/\/iber.market\/producto\/cana-de-lomo-cebo-iberico-juan-del-roble\/"},"modified":"2026-03-02T21:59:45","modified_gmt":"2026-03-02T21:59:45","slug":"cana-de-lomo-cebo-iberico-juan-del-roble","status":"publish","type":"product","link":"https:\/\/iber.market\/de\/product\/cana-de-lomo-cebo-iberico-juan-del-roble\/","title":{"rendered":"Juan del Roble Iberische Schweinelende gep\u00f6kelt"},"content":{"rendered":"<p>Disfruta de Ca\u00f1a de lomo cebo ib\u00e9rico Juan del Roble, un producto seleccionado del mercado espa\u00f1ol perfecto para quienes viven fuera de Espa\u00f1a o para europeos apasionados por la gastronom\u00eda mediterr\u00e1nea.<\/p>\n<p>Es wurde wegen seiner Authentizit\u00e4t und Qualit\u00e4t ausgew\u00e4hlt und repr\u00e4sentiert die traditionellen spanischen Aromen, die viele Auswanderer suchen, um mit ihrer kulinarischen Kultur verbunden zu bleiben.<\/p>\n<p>\u2714 Typisches Produkt f\u00fcr den spanischen Markt<br \/>\n\u2714 Ideal f\u00fcr Auswanderer und Spanienliebhaber<br \/>\n\u2714 Perfekt f\u00fcr die mediterrane und Gourmet-K\u00fcche<br \/>\n\u2714 Internationaler Versand aus Spanien<\/p>\n<p>Descubre o recupera el aut\u00e9ntico sabor de Espa\u00f1a con Ca\u00f1a de lomo cebo ib\u00e9rico Juan del Roble, disponible online para toda Europa.<\/p>","protected":false},"excerpt":{"rendered":"<p>Ca\u00f1a de lomo cebo ib\u00e9rico Juan del Roble aut\u00e9ntico del mercado espa\u00f1ol, ideal para expatriados y amantes de la gastronom\u00eda mediterr\u00e1nea. Calidad seleccionada y env\u00edo a Europa para disfrutar el verdadero sabor de Espa\u00f1a.<\/p>","protected":false},"featured_media":193785,"template":"","meta":[],"product_brand":[],"product_cat":[62],"product_tag":[],"class_list":{"0":"post-193784","1":"product","2":"type-product","3":"status-publish","4":"has-post-thumbnail","6":"product_cat-jamon-y-embutidos-selectos","8":"first","9":"instock","10":"taxable","11":"shipping-taxable","12":"purchasable","13":"product-type-simple"},"jetpack_sharing_enabled":true,"_links":{"self":[{"href":"https:\/\/iber.market\/de\/wp-json\/wp\/v2\/product\/193784","targetHints":{"allow":["GET"]}}],"collection":[{"href":"https:\/\/iber.market\/de\/wp-json\/wp\/v2\/product"}],"about":[{"href":"https:\/\/iber.market\/de\/wp-json\/wp\/v2\/types\/product"}],"wp:featuredmedia":[{"embeddable":true,"href":"https:\/\/iber.market\/de\/wp-json\/wp\/v2\/media\/193785"}],"wp:attachment":[{"href":"https:\/\/iber.market\/de\/wp-json\/wp\/v2\/media?parent=193784"}],"wp:term":[{"taxonomy":"product_brand","embeddable":true,"href":"https:\/\/iber.market\/de\/wp-json\/wp\/v2\/product_brand?post=193784"},{"taxonomy":"product_cat","embeddable":true,"href":"https:\/\/iber.market\/de\/wp-json\/wp\/v2\/product_cat?post=193784"},{"taxonomy":"product_tag","embeddable":true,"href":"https:\/\/iber.market\/de\/wp-json\/wp\/v2\/product_tag?post=193784"}],"curies":[{"name":"wp","href":"https:\/\/api.w.org\/{rel}","templated":true}]}}