{"id":193751,"date":"2026-02-21T13:32:26","date_gmt":"2026-02-21T13:32:26","guid":{"rendered":"https:\/\/iber.market\/producto\/jamon-bellota-iberico-100-cortado-a-tapas\/"},"modified":"2026-03-02T21:59:43","modified_gmt":"2026-03-02T21:59:43","slug":"jamon-bellota-iberico-100-cortado-a-tapas","status":"publish","type":"product","link":"https:\/\/iber.market\/de\/product\/jamon-bellota-iberico-100-cortado-a-tapas\/","title":{"rendered":"Iberischer Schinken aus Eichelmast 100% in Scheiben geschnitten"},"content":{"rendered":"<p>Disfruta de Jam\u00f3n bellota ib\u00e9rico 100% cortado a tapas, un producto seleccionado del mercado espa\u00f1ol perfecto para quienes viven fuera de Espa\u00f1a o para europeos apasionados por la gastronom\u00eda mediterr\u00e1nea.<\/p>\n<p>Es wurde wegen seiner Authentizit\u00e4t und Qualit\u00e4t ausgew\u00e4hlt und repr\u00e4sentiert die traditionellen spanischen Aromen, die viele Auswanderer suchen, um mit ihrer kulinarischen Kultur verbunden zu bleiben.<\/p>\n<p>\u2714 Typisches Produkt f\u00fcr den spanischen Markt<br \/>\n\u2714 Ideal f\u00fcr Auswanderer und Spanienliebhaber<br \/>\n\u2714 Perfekt f\u00fcr die mediterrane und Gourmet-K\u00fcche<br \/>\n\u2714 Internationaler Versand aus Spanien<\/p>\n<p>Descubre o recupera el aut\u00e9ntico sabor de Espa\u00f1a con Jam\u00f3n bellota ib\u00e9rico 100% cortado a tapas, disponible online para toda Europa.<\/p>","protected":false},"excerpt":{"rendered":"<p>Jam\u00f3n bellota ib\u00e9rico 100% cortado a tapas aut\u00e9ntico del mercado espa\u00f1ol, ideal para expatriados y amantes de la gastronom\u00eda mediterr\u00e1nea. Calidad seleccionada y env\u00edo a Europa para disfrutar el verdadero sabor de Espa\u00f1a.<\/p>","protected":false},"featured_media":193752,"template":"","meta":[],"product_brand":[],"product_cat":[62],"product_tag":[],"class_list":{"0":"post-193751","1":"product","2":"type-product","3":"status-publish","4":"has-post-thumbnail","6":"product_cat-jamon-y-embutidos-selectos","8":"first","9":"instock","10":"taxable","11":"shipping-taxable","12":"purchasable","13":"product-type-simple"},"jetpack_sharing_enabled":true,"_links":{"self":[{"href":"https:\/\/iber.market\/de\/wp-json\/wp\/v2\/product\/193751","targetHints":{"allow":["GET"]}}],"collection":[{"href":"https:\/\/iber.market\/de\/wp-json\/wp\/v2\/product"}],"about":[{"href":"https:\/\/iber.market\/de\/wp-json\/wp\/v2\/types\/product"}],"wp:featuredmedia":[{"embeddable":true,"href":"https:\/\/iber.market\/de\/wp-json\/wp\/v2\/media\/193752"}],"wp:attachment":[{"href":"https:\/\/iber.market\/de\/wp-json\/wp\/v2\/media?parent=193751"}],"wp:term":[{"taxonomy":"product_brand","embeddable":true,"href":"https:\/\/iber.market\/de\/wp-json\/wp\/v2\/product_brand?post=193751"},{"taxonomy":"product_cat","embeddable":true,"href":"https:\/\/iber.market\/de\/wp-json\/wp\/v2\/product_cat?post=193751"},{"taxonomy":"product_tag","embeddable":true,"href":"https:\/\/iber.market\/de\/wp-json\/wp\/v2\/product_tag?post=193751"}],"curies":[{"name":"wp","href":"https:\/\/api.w.org\/{rel}","templated":true}]}}