{"id":193479,"date":"2026-02-21T11:51:54","date_gmt":"2026-02-21T11:51:54","guid":{"rendered":"https:\/\/iber.market\/producto\/corrector-fluido-multiusos-long-lasting-deliplus-mate-300-cappuccino\/"},"modified":"2026-03-03T20:07:54","modified_gmt":"2026-03-03T20:07:54","slug":"corrector-fluido-multiusos-long-lasting-deliplus-mate-300-cappuccino","status":"publish","type":"product","link":"https:\/\/iber.market\/de\/product\/corrector-fluido-multiusos-long-lasting-deliplus-mate-300-cappuccino\/","title":{"rendered":"Deliplus Lang anhaltender fl\u00fcssiger Mehrzweck-Concealer matt 300 cappuccino"},"content":{"rendered":"<h2>Deliplus Lang anhaltender fl\u00fcssiger Mehrzweck-Concealer matt 300 cappuccino<\/h2>\n<p><strong>Deliplus Lang anhaltender fl\u00fcssiger Mehrzweck-Concealer matt 300 cappuccino<\/strong> ist ein spanischer kosmetischer Lippenstift, der f\u00fcr sein gutes Preis-Leistungs-Verh\u00e4ltnis sehr gesch\u00e4tzt wird.<br \/>\nPerfekt f\u00fcr alle, die ein zuverl\u00e4ssiges, modernes und leicht aufzutragendes Mercadona-Make-up suchen.<\/p>\n<p>Seine Formel ist so konzipiert, dass sie ein gutes Finish, Komfort f\u00fcr Stunden der Nutzung bieten<br \/>\nund nat\u00fcrliche Ergebnisse sowohl f\u00fcr die t\u00e4gliche als auch f\u00fcr die professionelle Anwendung.<\/p>\n<ul>\n<li>Spanisches Make-up-Produkt ist sehr gefragt<\/li>\n<li>Einfache Anwendung und gleichm\u00e4\u00dfiges Finish<\/li>\n<li>Ideal f\u00fcr die t\u00e4gliche Routine oder ein komplettes Make-up<\/li>\n<li>Ausgezeichnetes Preis-Leistungs-Verh\u00e4ltnis<\/li>\n<\/ul>\n<p>Entdecken Sie die Qualit\u00e4t der Mercadona-Kosmetik und vervollst\u00e4ndigen Sie Ihre Sammlung.<br \/>\nmit einem praktischen, aktuellen und wirksamen Produkt.<\/p>","protected":false},"excerpt":{"rendered":"<p>Corrector fluido multiusos Long Lasting Deliplus mate 300 cappuccino \u2013 Labial de cosm\u00e9tica espa\u00f1ola Mercadona con excelente calidad\u2011precio y acabado profesional.<\/p>","protected":false},"featured_media":193480,"template":"","meta":[],"product_brand":[],"product_cat":[379],"product_tag":[],"class_list":{"0":"post-193479","1":"product","2":"type-product","3":"status-publish","4":"has-post-thumbnail","6":"product_cat-bases-y-correctores","8":"first","9":"instock","10":"taxable","11":"shipping-taxable","12":"purchasable","13":"product-type-simple"},"jetpack_sharing_enabled":true,"_links":{"self":[{"href":"https:\/\/iber.market\/de\/wp-json\/wp\/v2\/product\/193479","targetHints":{"allow":["GET"]}}],"collection":[{"href":"https:\/\/iber.market\/de\/wp-json\/wp\/v2\/product"}],"about":[{"href":"https:\/\/iber.market\/de\/wp-json\/wp\/v2\/types\/product"}],"wp:featuredmedia":[{"embeddable":true,"href":"https:\/\/iber.market\/de\/wp-json\/wp\/v2\/media\/193480"}],"wp:attachment":[{"href":"https:\/\/iber.market\/de\/wp-json\/wp\/v2\/media?parent=193479"}],"wp:term":[{"taxonomy":"product_brand","embeddable":true,"href":"https:\/\/iber.market\/de\/wp-json\/wp\/v2\/product_brand?post=193479"},{"taxonomy":"product_cat","embeddable":true,"href":"https:\/\/iber.market\/de\/wp-json\/wp\/v2\/product_cat?post=193479"},{"taxonomy":"product_tag","embeddable":true,"href":"https:\/\/iber.market\/de\/wp-json\/wp\/v2\/product_tag?post=193479"}],"curies":[{"name":"wp","href":"https:\/\/api.w.org\/{rel}","templated":true}]}}