{"id":193348,"date":"2026-02-21T11:51:25","date_gmt":"2026-02-21T11:51:25","guid":{"rendered":"https:\/\/iber.market\/producto\/polvo-compacto-24h-long-lasting-deliplus-05-bronceado\/"},"modified":"2026-03-03T20:07:40","modified_gmt":"2026-03-03T20:07:40","slug":"polvo-compacto-24h-long-lasting-deliplus-05-bronceado","status":"publish","type":"product","link":"https:\/\/iber.market\/de\/product\/polvo-compacto-24h-long-lasting-deliplus-05-bronceado\/","title":{"rendered":"Deliplus 24H Lang anhaltender Kompaktpuder 05 Tan"},"content":{"rendered":"<h2>Deliplus 24H Lang anhaltender Kompaktpuder 05 Tan<\/h2>\n<p><strong>Deliplus 24H Lang anhaltender Kompaktpuder 05 Tan<\/strong> ist ein spanischer kosmetischer Lippenstift, der f\u00fcr sein gutes Preis-Leistungs-Verh\u00e4ltnis sehr gesch\u00e4tzt wird.<br \/>\nPerfekt f\u00fcr alle, die ein zuverl\u00e4ssiges, modernes und leicht aufzutragendes Mercadona-Make-up suchen.<\/p>\n<p>Seine Formel ist so konzipiert, dass sie ein gutes Finish, Komfort f\u00fcr Stunden der Nutzung bieten<br \/>\nund nat\u00fcrliche Ergebnisse sowohl f\u00fcr die t\u00e4gliche als auch f\u00fcr die professionelle Anwendung.<\/p>\n<ul>\n<li>Spanisches Make-up-Produkt ist sehr gefragt<\/li>\n<li>Einfache Anwendung und gleichm\u00e4\u00dfiges Finish<\/li>\n<li>Ideal f\u00fcr die t\u00e4gliche Routine oder ein komplettes Make-up<\/li>\n<li>Ausgezeichnetes Preis-Leistungs-Verh\u00e4ltnis<\/li>\n<\/ul>\n<p>Entdecken Sie die Qualit\u00e4t der Mercadona-Kosmetik und vervollst\u00e4ndigen Sie Ihre Sammlung.<br \/>\nmit einem praktischen, aktuellen und wirksamen Produkt.<\/p>","protected":false},"excerpt":{"rendered":"<p>Polvo Compacto 24H Long Lasting Deliplus 05 bronceado \u2013 Labial de cosm\u00e9tica espa\u00f1ola Mercadona con excelente calidad\u2011precio y acabado profesional.<\/p>","protected":false},"featured_media":193349,"template":"","meta":[],"product_brand":[],"product_cat":[380],"product_tag":[],"class_list":{"0":"post-193348","1":"product","2":"type-product","3":"status-publish","4":"has-post-thumbnail","6":"product_cat-coloretes","8":"first","9":"instock","10":"taxable","11":"shipping-taxable","12":"purchasable","13":"product-type-simple"},"jetpack_sharing_enabled":true,"_links":{"self":[{"href":"https:\/\/iber.market\/de\/wp-json\/wp\/v2\/product\/193348","targetHints":{"allow":["GET"]}}],"collection":[{"href":"https:\/\/iber.market\/de\/wp-json\/wp\/v2\/product"}],"about":[{"href":"https:\/\/iber.market\/de\/wp-json\/wp\/v2\/types\/product"}],"wp:featuredmedia":[{"embeddable":true,"href":"https:\/\/iber.market\/de\/wp-json\/wp\/v2\/media\/193349"}],"wp:attachment":[{"href":"https:\/\/iber.market\/de\/wp-json\/wp\/v2\/media?parent=193348"}],"wp:term":[{"taxonomy":"product_brand","embeddable":true,"href":"https:\/\/iber.market\/de\/wp-json\/wp\/v2\/product_brand?post=193348"},{"taxonomy":"product_cat","embeddable":true,"href":"https:\/\/iber.market\/de\/wp-json\/wp\/v2\/product_cat?post=193348"},{"taxonomy":"product_tag","embeddable":true,"href":"https:\/\/iber.market\/de\/wp-json\/wp\/v2\/product_tag?post=193348"}],"curies":[{"name":"wp","href":"https:\/\/api.w.org\/{rel}","templated":true}]}}