{"id":192742,"date":"2026-02-19T20:30:50","date_gmt":"2026-02-19T20:30:50","guid":{"rendered":"https:\/\/iber.market\/producto\/preparado-lacteo-con-cereales-crecimiento-hacendado-1-ano\/"},"modified":"2026-02-19T20:30:51","modified_gmt":"2026-02-19T20:30:51","slug":"preparado-lacteo-con-cereales-crecimiento-hacendado-1-ano","status":"publish","type":"product","link":"https:\/\/iber.market\/de\/product\/preparado-lacteo-con-cereales-crecimiento-hacendado-1-ano\/","title":{"rendered":"Hacendado +1 Jahr Milch Formel mit Getreide Wachstum"},"content":{"rendered":"<p>Milchnahrung mit Getreide Wachstum +1 Jahr ist ein g\u00e4ngiges Produkt f\u00fcr S\u00e4uglinge in spanischen Superm\u00e4rkten. Jetzt k\u00f6nnen Sie dieses spanische Babyprodukt online mit Lieferung in verschiedene europ\u00e4ische L\u00e4nder kaufen. Entwickelt f\u00fcr spanische Auswanderer und europ\u00e4ische Familien, die die Qualit\u00e4t und Zuverl\u00e4ssigkeit spanischer Produkte sch\u00e4tzen. Kaufen Sie spanische Babyprodukte online und erhalten Sie sie bequem in Ihrem Land.<\/p>","protected":false},"excerpt":{"rendered":"<p>Milchnahrung mit Getreide Wachstum +1 Jahr. Spanisches Babyprodukt, das online mit Lieferung nach Europa erh\u00e4ltlich ist. Ideal f\u00fcr Expatriates und europ\u00e4ische Familien, die regelm\u00e4\u00dfig Produkte aus spanischen Superm\u00e4rkten suchen.<\/p>","protected":false},"featured_media":192743,"template":"","meta":[],"product_brand":[],"product_cat":[295],"product_tag":[],"class_list":{"0":"post-192742","1":"product","2":"type-product","3":"status-publish","4":"has-post-thumbnail","6":"product_cat-alimentacion-infantil","8":"first","9":"instock","10":"taxable","11":"shipping-taxable","12":"purchasable","13":"product-type-simple"},"jetpack_sharing_enabled":true,"_links":{"self":[{"href":"https:\/\/iber.market\/de\/wp-json\/wp\/v2\/product\/192742","targetHints":{"allow":["GET"]}}],"collection":[{"href":"https:\/\/iber.market\/de\/wp-json\/wp\/v2\/product"}],"about":[{"href":"https:\/\/iber.market\/de\/wp-json\/wp\/v2\/types\/product"}],"wp:featuredmedia":[{"embeddable":true,"href":"https:\/\/iber.market\/de\/wp-json\/wp\/v2\/media\/192743"}],"wp:attachment":[{"href":"https:\/\/iber.market\/de\/wp-json\/wp\/v2\/media?parent=192742"}],"wp:term":[{"taxonomy":"product_brand","embeddable":true,"href":"https:\/\/iber.market\/de\/wp-json\/wp\/v2\/product_brand?post=192742"},{"taxonomy":"product_cat","embeddable":true,"href":"https:\/\/iber.market\/de\/wp-json\/wp\/v2\/product_cat?post=192742"},{"taxonomy":"product_tag","embeddable":true,"href":"https:\/\/iber.market\/de\/wp-json\/wp\/v2\/product_tag?post=192742"}],"curies":[{"name":"wp","href":"https:\/\/api.w.org\/{rel}","templated":true}]}}