{"id":192493,"date":"2026-02-17T08:58:21","date_gmt":"2026-02-17T08:58:21","guid":{"rendered":"https:\/\/iber.market\/producto\/vermouth-blanco-martini\/"},"modified":"2026-02-17T08:58:21","modified_gmt":"2026-02-17T08:58:21","slug":"weiser-wermut-martini","status":"publish","type":"product","link":"https:\/\/iber.market\/de\/product\/weiser-wermut-martini\/","title":{"rendered":"Wei\u00dfer Wermut Martini"},"content":{"rendered":"<p>Vermouth blanco Martini ist eine ausgezeichnete Wahl f\u00fcr alle, die in Europa nach typisch spanischen Produkten suchen. Speziell f\u00fcr Auswanderer, europ\u00e4ische Residenten oder alle Liebhaber der spanischen Gastronomie und Getr\u00e4nke entwickelt, zeichnet sich dieses Produkt durch seine Qualit\u00e4t, seinen authentischen Geschmack und seine Tradition aus. Perfekt zum Teilen, Verschenken oder Genie\u00dfen zu Hause mit der Essenz des spanischen Lebensstils.<\/p>","protected":false},"excerpt":{"rendered":"<p>Wei\u00dfer Wermut Martini ideal, um den authentischen Geschmack Spaniens zu genie\u00dfen. Perfekt f\u00fcr Expats und europ\u00e4ische Liebhaber der spanischen K\u00fcche und Getr\u00e4nke.<\/p>","protected":false},"featured_media":192494,"template":"","meta":[],"product_brand":[],"product_cat":[50],"product_tag":[],"class_list":{"0":"post-192493","1":"product","2":"type-product","3":"status-publish","4":"has-post-thumbnail","6":"product_cat-licores-espanoles-en-europa","8":"first","9":"instock","10":"taxable","11":"shipping-taxable","12":"purchasable","13":"product-type-simple"},"jetpack_sharing_enabled":true,"_links":{"self":[{"href":"https:\/\/iber.market\/de\/wp-json\/wp\/v2\/product\/192493","targetHints":{"allow":["GET"]}}],"collection":[{"href":"https:\/\/iber.market\/de\/wp-json\/wp\/v2\/product"}],"about":[{"href":"https:\/\/iber.market\/de\/wp-json\/wp\/v2\/types\/product"}],"wp:featuredmedia":[{"embeddable":true,"href":"https:\/\/iber.market\/de\/wp-json\/wp\/v2\/media\/192494"}],"wp:attachment":[{"href":"https:\/\/iber.market\/de\/wp-json\/wp\/v2\/media?parent=192493"}],"wp:term":[{"taxonomy":"product_brand","embeddable":true,"href":"https:\/\/iber.market\/de\/wp-json\/wp\/v2\/product_brand?post=192493"},{"taxonomy":"product_cat","embeddable":true,"href":"https:\/\/iber.market\/de\/wp-json\/wp\/v2\/product_cat?post=192493"},{"taxonomy":"product_tag","embeddable":true,"href":"https:\/\/iber.market\/de\/wp-json\/wp\/v2\/product_tag?post=192493"}],"curies":[{"name":"wp","href":"https:\/\/api.w.org\/{rel}","templated":true}]}}