{"id":192478,"date":"2026-02-17T08:58:17","date_gmt":"2026-02-17T08:58:17","guid":{"rendered":"https:\/\/iber.market\/producto\/ginebra-london-dry-gin-beefeater\/"},"modified":"2026-02-17T08:58:18","modified_gmt":"2026-02-17T08:58:18","slug":"london-dry-gin-beefeater-gin","status":"publish","type":"product","link":"https:\/\/iber.market\/de\/product\/london-dry-gin-beefeater-gin\/","title":{"rendered":"Beefeater London Dry Gin"},"content":{"rendered":"<p>Beefeater London Dry Gin ist eine ausgezeichnete Wahl f\u00fcr alle, die in Europa nach typisch spanischen Produkten suchen. Speziell f\u00fcr Auswanderer, in Europa lebende Personen oder alle Liebhaber der spanischen Gastronomie und Getr\u00e4nke entwickelt, zeichnet sich dieses Produkt durch seine Qualit\u00e4t, seinen authentischen Geschmack und seine Tradition aus. Perfekt zum Teilen, Verschenken oder Genie\u00dfen zu Hause mit der Essenz des spanischen Lebensstils.<\/p>","protected":false},"excerpt":{"rendered":"<p>London Dry Gin Beefeater ist ideal, um den authentischen Geschmack von Spanien zu genie\u00dfen. Perfekt f\u00fcr Expats und europ\u00e4ische Liebhaber von spanischen Speisen und Getr\u00e4nken.<\/p>","protected":false},"featured_media":192479,"template":"","meta":[],"product_brand":[],"product_cat":[50],"product_tag":[],"class_list":{"0":"post-192478","1":"product","2":"type-product","3":"status-publish","4":"has-post-thumbnail","6":"product_cat-licores-espanoles-en-europa","8":"first","9":"instock","10":"taxable","11":"shipping-taxable","12":"purchasable","13":"product-type-simple"},"jetpack_sharing_enabled":true,"_links":{"self":[{"href":"https:\/\/iber.market\/de\/wp-json\/wp\/v2\/product\/192478","targetHints":{"allow":["GET"]}}],"collection":[{"href":"https:\/\/iber.market\/de\/wp-json\/wp\/v2\/product"}],"about":[{"href":"https:\/\/iber.market\/de\/wp-json\/wp\/v2\/types\/product"}],"wp:featuredmedia":[{"embeddable":true,"href":"https:\/\/iber.market\/de\/wp-json\/wp\/v2\/media\/192479"}],"wp:attachment":[{"href":"https:\/\/iber.market\/de\/wp-json\/wp\/v2\/media?parent=192478"}],"wp:term":[{"taxonomy":"product_brand","embeddable":true,"href":"https:\/\/iber.market\/de\/wp-json\/wp\/v2\/product_brand?post=192478"},{"taxonomy":"product_cat","embeddable":true,"href":"https:\/\/iber.market\/de\/wp-json\/wp\/v2\/product_cat?post=192478"},{"taxonomy":"product_tag","embeddable":true,"href":"https:\/\/iber.market\/de\/wp-json\/wp\/v2\/product_tag?post=192478"}],"curies":[{"name":"wp","href":"https:\/\/api.w.org\/{rel}","templated":true}]}}