{"id":192454,"date":"2026-02-17T08:58:10","date_gmt":"2026-02-17T08:58:10","guid":{"rendered":"https:\/\/iber.market\/producto\/brandy-de-jerez-solera-gran-reserva-convidado-de-baco\/"},"modified":"2026-02-17T08:58:11","modified_gmt":"2026-02-17T08:58:11","slug":"brandy-de-jerez-solera-gran-reserva-convidado-de-baco","status":"publish","type":"product","link":"https:\/\/iber.market\/de\/product\/brandy-de-jerez-solera-gran-reserva-convidado-de-baco\/","title":{"rendered":"Brandy de Jerez solera gran reserva Convidado de Baco"},"content":{"rendered":"<p>Brandy de Jerez solera gran reserva Convidado de Baco ist eine ausgezeichnete Wahl f\u00fcr alle, die auf der Suche nach typisch spanischen Produkten in Europa sind. Dieses Produkt wurde speziell f\u00fcr Auswanderer, in Europa ans\u00e4ssige Personen oder alle Liebhaber der spanischen Gastronomie und Getr\u00e4nke entwickelt und zeichnet sich durch seine Qualit\u00e4t, seinen authentischen Geschmack und seine Tradition aus. Perfekt zum Teilen, Verschenken oder Genie\u00dfen zu Hause mit der Essenz des spanischen Lebensstils.<\/p>","protected":false},"excerpt":{"rendered":"<p>Brandy de Jerez solera gran reserva Convidado de Baco ist ideal, um den authentischen Geschmack von Spanien zu genie\u00dfen. Perfekt f\u00fcr Expatriates und europ\u00e4ische Liebhaber der spanischen Gastronomie und Getr\u00e4nke.<\/p>","protected":false},"featured_media":192455,"template":"","meta":[],"product_brand":[],"product_cat":[50],"product_tag":[],"class_list":{"0":"post-192454","1":"product","2":"type-product","3":"status-publish","4":"has-post-thumbnail","6":"product_cat-licores-espanoles-en-europa","8":"first","9":"instock","10":"taxable","11":"shipping-taxable","12":"purchasable","13":"product-type-simple"},"jetpack_sharing_enabled":true,"_links":{"self":[{"href":"https:\/\/iber.market\/de\/wp-json\/wp\/v2\/product\/192454","targetHints":{"allow":["GET"]}}],"collection":[{"href":"https:\/\/iber.market\/de\/wp-json\/wp\/v2\/product"}],"about":[{"href":"https:\/\/iber.market\/de\/wp-json\/wp\/v2\/types\/product"}],"wp:featuredmedia":[{"embeddable":true,"href":"https:\/\/iber.market\/de\/wp-json\/wp\/v2\/media\/192455"}],"wp:attachment":[{"href":"https:\/\/iber.market\/de\/wp-json\/wp\/v2\/media?parent=192454"}],"wp:term":[{"taxonomy":"product_brand","embeddable":true,"href":"https:\/\/iber.market\/de\/wp-json\/wp\/v2\/product_brand?post=192454"},{"taxonomy":"product_cat","embeddable":true,"href":"https:\/\/iber.market\/de\/wp-json\/wp\/v2\/product_cat?post=192454"},{"taxonomy":"product_tag","embeddable":true,"href":"https:\/\/iber.market\/de\/wp-json\/wp\/v2\/product_tag?post=192454"}],"curies":[{"name":"wp","href":"https:\/\/api.w.org\/{rel}","templated":true}]}}