{"id":192300,"date":"2026-02-17T08:56:49","date_gmt":"2026-02-17T08:56:49","guid":{"rendered":"https:\/\/iber.market\/producto\/vino-blanco-don-simon\/"},"modified":"2026-03-03T13:01:04","modified_gmt":"2026-03-03T13:01:04","slug":"don-simon-weiswein","status":"publish","type":"product","link":"https:\/\/iber.market\/de\/product\/don-simon-weiswein\/","title":{"rendered":"Wei\u00dfwein Don Sim\u00f3n"},"content":{"rendered":"<p>Der Wei\u00dfwein Don Sim\u00f3n ist eine ausgezeichnete Wahl f\u00fcr alle, die in Europa nach typisch spanischen Produkten suchen. Dieses Produkt wurde speziell f\u00fcr Auswanderer, in Europa ans\u00e4ssige Personen oder alle Liebhaber der spanischen Gastronomie und Getr\u00e4nke entwickelt und zeichnet sich durch seine Qualit\u00e4t, seinen authentischen Geschmack und seine Tradition aus. Perfekt zum Teilen, Verschenken oder Genie\u00dfen zu Hause mit der Essenz der spanischen Lebensart.<\/p>","protected":false},"excerpt":{"rendered":"<p>Don Sim\u00f3n Wei\u00dfwein ideal, um den authentischen Geschmack Spaniens zu genie\u00dfen. Perfekt f\u00fcr Expats und europ\u00e4ische Liebhaber der spanischen Gastronomie und Getr\u00e4nke.<\/p>","protected":false},"featured_media":192301,"template":"","meta":[],"product_brand":[],"product_cat":[51],"product_tag":[],"class_list":{"0":"post-192300","1":"product","2":"type-product","3":"status-publish","4":"has-post-thumbnail","6":"product_cat-vino-blanco","8":"first","9":"instock","10":"taxable","11":"shipping-taxable","12":"purchasable","13":"product-type-simple"},"jetpack_sharing_enabled":true,"_links":{"self":[{"href":"https:\/\/iber.market\/de\/wp-json\/wp\/v2\/product\/192300","targetHints":{"allow":["GET"]}}],"collection":[{"href":"https:\/\/iber.market\/de\/wp-json\/wp\/v2\/product"}],"about":[{"href":"https:\/\/iber.market\/de\/wp-json\/wp\/v2\/types\/product"}],"wp:featuredmedia":[{"embeddable":true,"href":"https:\/\/iber.market\/de\/wp-json\/wp\/v2\/media\/192301"}],"wp:attachment":[{"href":"https:\/\/iber.market\/de\/wp-json\/wp\/v2\/media?parent=192300"}],"wp:term":[{"taxonomy":"product_brand","embeddable":true,"href":"https:\/\/iber.market\/de\/wp-json\/wp\/v2\/product_brand?post=192300"},{"taxonomy":"product_cat","embeddable":true,"href":"https:\/\/iber.market\/de\/wp-json\/wp\/v2\/product_cat?post=192300"},{"taxonomy":"product_tag","embeddable":true,"href":"https:\/\/iber.market\/de\/wp-json\/wp\/v2\/product_tag?post=192300"}],"curies":[{"name":"wp","href":"https:\/\/api.w.org\/{rel}","templated":true}]}}