{"id":192285,"date":"2026-02-17T08:56:44","date_gmt":"2026-02-17T08:56:44","guid":{"rendered":"https:\/\/iber.market\/producto\/vino-blanco-albarino-pazo-de-orantes-do-rias-baixas\/"},"modified":"2026-03-03T13:01:03","modified_gmt":"2026-03-03T13:01:03","slug":"vino-blanco-albarino-pazo-de-orantes-do-rias-baixas","status":"publish","type":"product","link":"https:\/\/iber.market\/de\/product\/vino-blanco-albarino-pazo-de-orantes-do-rias-baixas\/","title":{"rendered":"Albari\u00f1o Wei\u00dfwein Pazo de Orantes DO R\u00edas Baixas"},"content":{"rendered":"<p>Vino blanco albari\u00f1o Pazo de Orantes DO R\u00edas Baixas es una excelente opci\u00f3n para quienes buscan productos t\u00edpicos de Espa\u00f1a en Europa. Pensado especialmente para expatriados, residentes europeos o cualquier amante de la gastronom\u00eda y bebidas espa\u00f1olas, este producto destaca por su calidad, sabor aut\u00e9ntico y tradici\u00f3n. Perfecto para compartir, regalar o disfrutar en casa con la esencia del estilo de vida espa\u00f1ol.<\/p>","protected":false},"excerpt":{"rendered":"<p>Vino blanco albari\u00f1o Pazo de Orantes DO R\u00edas Baixas ideal para disfrutar del aut\u00e9ntico sabor de Espa\u00f1a. Perfecto para expatriados y amantes europeos de la gastronom\u00eda y bebidas espa\u00f1olas.<\/p>","protected":false},"featured_media":192286,"template":"","meta":[],"product_brand":[],"product_cat":[51],"product_tag":[],"class_list":{"0":"post-192285","1":"product","2":"type-product","3":"status-publish","4":"has-post-thumbnail","6":"product_cat-vino-blanco","8":"first","9":"instock","10":"taxable","11":"shipping-taxable","12":"purchasable","13":"product-type-simple"},"jetpack_sharing_enabled":true,"_links":{"self":[{"href":"https:\/\/iber.market\/de\/wp-json\/wp\/v2\/product\/192285","targetHints":{"allow":["GET"]}}],"collection":[{"href":"https:\/\/iber.market\/de\/wp-json\/wp\/v2\/product"}],"about":[{"href":"https:\/\/iber.market\/de\/wp-json\/wp\/v2\/types\/product"}],"wp:featuredmedia":[{"embeddable":true,"href":"https:\/\/iber.market\/de\/wp-json\/wp\/v2\/media\/192286"}],"wp:attachment":[{"href":"https:\/\/iber.market\/de\/wp-json\/wp\/v2\/media?parent=192285"}],"wp:term":[{"taxonomy":"product_brand","embeddable":true,"href":"https:\/\/iber.market\/de\/wp-json\/wp\/v2\/product_brand?post=192285"},{"taxonomy":"product_cat","embeddable":true,"href":"https:\/\/iber.market\/de\/wp-json\/wp\/v2\/product_cat?post=192285"},{"taxonomy":"product_tag","embeddable":true,"href":"https:\/\/iber.market\/de\/wp-json\/wp\/v2\/product_tag?post=192285"}],"curies":[{"name":"wp","href":"https:\/\/api.w.org\/{rel}","templated":true}]}}