{"id":192210,"date":"2026-02-17T08:56:32","date_gmt":"2026-02-17T08:56:32","guid":{"rendered":"https:\/\/iber.market\/producto\/vino-rosado-tempranillo-syrah-fidencio-do-la-mancha\/"},"modified":"2026-03-03T12:47:36","modified_gmt":"2026-03-03T12:47:36","slug":"rosewein-tempranillo-syrah-fidencio-do-la-mancha","status":"publish","type":"product","link":"https:\/\/iber.market\/de\/product\/rosewein-tempranillo-syrah-fidencio-do-la-mancha\/","title":{"rendered":"Ros\u00e9wein Tempranillo Syrah Fidencio DO La Mancha"},"content":{"rendered":"<p>Der Ros\u00e9wein Tempranillo Syrah Fidencio DO La Mancha ist eine ausgezeichnete Wahl f\u00fcr alle, die auf der Suche nach typisch spanischen Produkten in Europa sind. Speziell f\u00fcr Auswanderer, europ\u00e4ische Residenten oder alle Liebhaber der spanischen Gastronomie und Getr\u00e4nke entwickelt, zeichnet sich dieses Produkt durch seine Qualit\u00e4t, seinen authentischen Geschmack und seine Tradition aus. Perfekt zum Teilen, Verschenken oder Genie\u00dfen zu Hause mit der Essenz der spanischen Lebensart.<\/p>","protected":false},"excerpt":{"rendered":"<p>Ros\u00e9wein Tempranillo Syrah Fidencio DO La Mancha ideal, um den authentischen Geschmack von Spanien zu genie\u00dfen. Perfekt f\u00fcr Expats und europ\u00e4ische Liebhaber der spanischen K\u00fcche und Getr\u00e4nke.<\/p>","protected":false},"featured_media":192211,"template":"","meta":[],"product_brand":[],"product_cat":[374],"product_tag":[],"class_list":{"0":"post-192210","1":"product","2":"type-product","3":"status-publish","4":"has-post-thumbnail","6":"product_cat-vino-rosado","8":"first","9":"instock","10":"taxable","11":"shipping-taxable","12":"purchasable","13":"product-type-simple"},"jetpack_sharing_enabled":true,"_links":{"self":[{"href":"https:\/\/iber.market\/de\/wp-json\/wp\/v2\/product\/192210","targetHints":{"allow":["GET"]}}],"collection":[{"href":"https:\/\/iber.market\/de\/wp-json\/wp\/v2\/product"}],"about":[{"href":"https:\/\/iber.market\/de\/wp-json\/wp\/v2\/types\/product"}],"wp:featuredmedia":[{"embeddable":true,"href":"https:\/\/iber.market\/de\/wp-json\/wp\/v2\/media\/192211"}],"wp:attachment":[{"href":"https:\/\/iber.market\/de\/wp-json\/wp\/v2\/media?parent=192210"}],"wp:term":[{"taxonomy":"product_brand","embeddable":true,"href":"https:\/\/iber.market\/de\/wp-json\/wp\/v2\/product_brand?post=192210"},{"taxonomy":"product_cat","embeddable":true,"href":"https:\/\/iber.market\/de\/wp-json\/wp\/v2\/product_cat?post=192210"},{"taxonomy":"product_tag","embeddable":true,"href":"https:\/\/iber.market\/de\/wp-json\/wp\/v2\/product_tag?post=192210"}],"curies":[{"name":"wp","href":"https:\/\/api.w.org\/{rel}","templated":true}]}}