{"id":192187,"date":"2026-02-17T08:56:30","date_gmt":"2026-02-17T08:56:30","guid":{"rendered":"https:\/\/iber.market\/producto\/vino-tinto-cosecha-comportillo-do-rioja\/"},"modified":"2026-02-17T08:56:30","modified_gmt":"2026-02-17T08:56:30","slug":"rotwein-jahrgang-comportillo-do-rioja","status":"publish","type":"product","link":"https:\/\/iber.market\/de\/product\/rotwein-jahrgang-comportillo-do-rioja\/","title":{"rendered":"Rotwein Jahrgang Comportillo DO Rioja"},"content":{"rendered":"<p>Der Rotwein Comportillo DO Rioja ist eine ausgezeichnete Wahl f\u00fcr alle, die auf der Suche nach typisch spanischen Produkten in Europa sind. Speziell f\u00fcr Auswanderer, in Europa lebende Personen oder alle Liebhaber der spanischen Gastronomie und Getr\u00e4nke entwickelt, zeichnet sich dieses Produkt durch seine Qualit\u00e4t, seinen authentischen Geschmack und seine Tradition aus. Perfekt zum Teilen, Verschenken oder Genie\u00dfen zu Hause mit der Essenz der spanischen Lebensart.<\/p>","protected":false},"excerpt":{"rendered":"<p>Rotwein Jahrgang Comportillo DO Rioja ideal, um den authentischen Geschmack von Spanien zu genie\u00dfen. Perfekt f\u00fcr Expats und europ\u00e4ische Liebhaber der spanischen K\u00fcche und Getr\u00e4nke.<\/p>","protected":false},"featured_media":192188,"template":"","meta":[],"product_brand":[],"product_cat":[54],"product_tag":[],"class_list":{"0":"post-192187","1":"product","2":"type-product","3":"status-publish","4":"has-post-thumbnail","6":"product_cat-vino-tinto","8":"first","9":"instock","10":"taxable","11":"shipping-taxable","12":"purchasable","13":"product-type-simple"},"jetpack_sharing_enabled":true,"_links":{"self":[{"href":"https:\/\/iber.market\/de\/wp-json\/wp\/v2\/product\/192187","targetHints":{"allow":["GET"]}}],"collection":[{"href":"https:\/\/iber.market\/de\/wp-json\/wp\/v2\/product"}],"about":[{"href":"https:\/\/iber.market\/de\/wp-json\/wp\/v2\/types\/product"}],"wp:featuredmedia":[{"embeddable":true,"href":"https:\/\/iber.market\/de\/wp-json\/wp\/v2\/media\/192188"}],"wp:attachment":[{"href":"https:\/\/iber.market\/de\/wp-json\/wp\/v2\/media?parent=192187"}],"wp:term":[{"taxonomy":"product_brand","embeddable":true,"href":"https:\/\/iber.market\/de\/wp-json\/wp\/v2\/product_brand?post=192187"},{"taxonomy":"product_cat","embeddable":true,"href":"https:\/\/iber.market\/de\/wp-json\/wp\/v2\/product_cat?post=192187"},{"taxonomy":"product_tag","embeddable":true,"href":"https:\/\/iber.market\/de\/wp-json\/wp\/v2\/product_tag?post=192187"}],"curies":[{"name":"wp","href":"https:\/\/api.w.org\/{rel}","templated":true}]}}