{"id":192142,"date":"2026-02-17T08:56:20","date_gmt":"2026-02-17T08:56:20","guid":{"rendered":"https:\/\/iber.market\/producto\/vino-tinto-tempranillo-el-mandamas-the-guvnor\/"},"modified":"2026-02-17T08:56:21","modified_gmt":"2026-02-17T08:56:21","slug":"rotwein-tempranillo-el-mandamas-the-guvnor","status":"publish","type":"product","link":"https:\/\/iber.market\/de\/product\/rotwein-tempranillo-el-mandamas-the-guvnor\/","title":{"rendered":"Rotwein Tempranillo El Mandam\u00e1s The Guv'Nor"},"content":{"rendered":"<p>Der Tempranillo-Rotwein El Mandam\u00e1s The Guv'Nor ist eine ausgezeichnete Wahl f\u00fcr alle, die auf der Suche nach typisch spanischen Produkten in Europa sind. Dieses Produkt wurde speziell f\u00fcr Auswanderer, in Europa ans\u00e4ssige Personen oder alle Liebhaber spanischer Speisen und Getr\u00e4nke entwickelt und zeichnet sich durch seine Qualit\u00e4t, seinen authentischen Geschmack und seine Tradition aus. Perfekt zum Teilen, Verschenken oder Genie\u00dfen zu Hause mit der Essenz des spanischen Lebensstils.<\/p>","protected":false},"excerpt":{"rendered":"<p>El Mandam\u00e1s The Guv'Nor Tempranillo Rotwein ist ideal, um den authentischen Geschmack Spaniens zu genie\u00dfen. Perfekt f\u00fcr Expats und europ\u00e4ische Liebhaber der spanischen K\u00fcche und Getr\u00e4nke.<\/p>","protected":false},"featured_media":192143,"template":"","meta":[],"product_brand":[],"product_cat":[54],"product_tag":[],"class_list":{"0":"post-192142","1":"product","2":"type-product","3":"status-publish","4":"has-post-thumbnail","6":"product_cat-vino-tinto","8":"first","9":"instock","10":"taxable","11":"shipping-taxable","12":"purchasable","13":"product-type-simple"},"jetpack_sharing_enabled":true,"_links":{"self":[{"href":"https:\/\/iber.market\/de\/wp-json\/wp\/v2\/product\/192142","targetHints":{"allow":["GET"]}}],"collection":[{"href":"https:\/\/iber.market\/de\/wp-json\/wp\/v2\/product"}],"about":[{"href":"https:\/\/iber.market\/de\/wp-json\/wp\/v2\/types\/product"}],"wp:featuredmedia":[{"embeddable":true,"href":"https:\/\/iber.market\/de\/wp-json\/wp\/v2\/media\/192143"}],"wp:attachment":[{"href":"https:\/\/iber.market\/de\/wp-json\/wp\/v2\/media?parent=192142"}],"wp:term":[{"taxonomy":"product_brand","embeddable":true,"href":"https:\/\/iber.market\/de\/wp-json\/wp\/v2\/product_brand?post=192142"},{"taxonomy":"product_cat","embeddable":true,"href":"https:\/\/iber.market\/de\/wp-json\/wp\/v2\/product_cat?post=192142"},{"taxonomy":"product_tag","embeddable":true,"href":"https:\/\/iber.market\/de\/wp-json\/wp\/v2\/product_tag?post=192142"}],"curies":[{"name":"wp","href":"https:\/\/api.w.org\/{rel}","templated":true}]}}