{"id":192121,"date":"2026-02-17T08:56:14","date_gmt":"2026-02-17T08:56:14","guid":{"rendered":"https:\/\/iber.market\/producto\/vino-tinto-tempranillo-syrah-suave-caperucita-tinta-torre-oria\/"},"modified":"2026-02-17T08:56:15","modified_gmt":"2026-02-17T08:56:15","slug":"rotwein-tempranillo-syrah-weicher-rotwein-caperucita-tinta-torre-oria","status":"publish","type":"product","link":"https:\/\/iber.market\/de\/product\/rotwein-tempranillo-syrah-weicher-rotwein-caperucita-tinta-torre-oria\/","title":{"rendered":"Rotwein Tempranillo Syrah weicher Rotwein Caperucita tinta Torre Oria"},"content":{"rendered":"<p>Der Rotwein Tempranillo Syrah Soft Caperucita Tinta Torre Oria ist eine ausgezeichnete Wahl f\u00fcr alle, die auf der Suche nach typisch spanischen Produkten in Europa sind. Dieses Produkt wurde speziell f\u00fcr Auswanderer, in Europa lebende Personen oder alle Liebhaber spanischer Speisen und Getr\u00e4nke entwickelt und zeichnet sich durch seine Qualit\u00e4t, seinen authentischen Geschmack und seine Tradition aus. Perfekt zum Teilen, Verschenken oder Genie\u00dfen zu Hause mit der Essenz der spanischen Lebensart.<\/p>","protected":false},"excerpt":{"rendered":"<p>Rotwein Tempranillo Syrah weichen Rotwein Caperucita tinta Torre Oria ideal, um den authentischen Geschmack von Spanien zu genie\u00dfen. Perfekt f\u00fcr Expats und europ\u00e4ische Liebhaber der spanischen K\u00fcche und Getr\u00e4nke.<\/p>","protected":false},"featured_media":192122,"template":"","meta":[],"product_brand":[],"product_cat":[54],"product_tag":[],"class_list":{"0":"post-192121","1":"product","2":"type-product","3":"status-publish","4":"has-post-thumbnail","6":"product_cat-vino-tinto","8":"first","9":"instock","10":"taxable","11":"shipping-taxable","12":"purchasable","13":"product-type-simple"},"jetpack_sharing_enabled":true,"_links":{"self":[{"href":"https:\/\/iber.market\/de\/wp-json\/wp\/v2\/product\/192121","targetHints":{"allow":["GET"]}}],"collection":[{"href":"https:\/\/iber.market\/de\/wp-json\/wp\/v2\/product"}],"about":[{"href":"https:\/\/iber.market\/de\/wp-json\/wp\/v2\/types\/product"}],"wp:featuredmedia":[{"embeddable":true,"href":"https:\/\/iber.market\/de\/wp-json\/wp\/v2\/media\/192122"}],"wp:attachment":[{"href":"https:\/\/iber.market\/de\/wp-json\/wp\/v2\/media?parent=192121"}],"wp:term":[{"taxonomy":"product_brand","embeddable":true,"href":"https:\/\/iber.market\/de\/wp-json\/wp\/v2\/product_brand?post=192121"},{"taxonomy":"product_cat","embeddable":true,"href":"https:\/\/iber.market\/de\/wp-json\/wp\/v2\/product_cat?post=192121"},{"taxonomy":"product_tag","embeddable":true,"href":"https:\/\/iber.market\/de\/wp-json\/wp\/v2\/product_tag?post=192121"}],"curies":[{"name":"wp","href":"https:\/\/api.w.org\/{rel}","templated":true}]}}