{"id":191438,"date":"2026-02-17T08:41:15","date_gmt":"2026-02-17T08:41:15","guid":{"rendered":"https:\/\/iber.market\/producto\/ambientador-varitas-bambu-bosque-verde\/"},"modified":"2026-02-17T08:41:15","modified_gmt":"2026-02-17T08:41:15","slug":"bambus-gruner-wald-lufterfrischer-sticks","status":"publish","type":"product","link":"https:\/\/iber.market\/de\/product\/bambus-gruner-wald-lufterfrischer-sticks\/","title":{"rendered":"Bamboo Bamboo Green Forest Lufterfrischer-Sticks"},"content":{"rendered":"","protected":false},"excerpt":{"rendered":"<p>Genie\u00dfen Sie die Bamboo Green Forest Lufterfrischungsst\u00e4bchen, ein typisch spanisches Produkt, das jetzt auch in Europa erh\u00e4ltlich ist. Ideal f\u00fcr Auswanderer und Liebhaber der mediterranen Qualit\u00e4t. Schneller Versand aus Spanien.<\/p>","protected":false},"featured_media":191439,"template":"","meta":[],"product_brand":[],"product_cat":[63],"product_tag":[],"class_list":{"0":"post-191438","1":"product","2":"type-product","3":"status-publish","4":"has-post-thumbnail","6":"product_cat-limpieza-del-hogar","8":"first","9":"instock","10":"taxable","11":"shipping-taxable","12":"purchasable","13":"product-type-simple"},"jetpack_sharing_enabled":true,"_links":{"self":[{"href":"https:\/\/iber.market\/de\/wp-json\/wp\/v2\/product\/191438","targetHints":{"allow":["GET"]}}],"collection":[{"href":"https:\/\/iber.market\/de\/wp-json\/wp\/v2\/product"}],"about":[{"href":"https:\/\/iber.market\/de\/wp-json\/wp\/v2\/types\/product"}],"wp:featuredmedia":[{"embeddable":true,"href":"https:\/\/iber.market\/de\/wp-json\/wp\/v2\/media\/191439"}],"wp:attachment":[{"href":"https:\/\/iber.market\/de\/wp-json\/wp\/v2\/media?parent=191438"}],"wp:term":[{"taxonomy":"product_brand","embeddable":true,"href":"https:\/\/iber.market\/de\/wp-json\/wp\/v2\/product_brand?post=191438"},{"taxonomy":"product_cat","embeddable":true,"href":"https:\/\/iber.market\/de\/wp-json\/wp\/v2\/product_cat?post=191438"},{"taxonomy":"product_tag","embeddable":true,"href":"https:\/\/iber.market\/de\/wp-json\/wp\/v2\/product_tag?post=191438"}],"curies":[{"name":"wp","href":"https:\/\/api.w.org\/{rel}","templated":true}]}}