{"id":191241,"date":"2026-02-17T08:40:39","date_gmt":"2026-02-17T08:40:39","guid":{"rendered":"https:\/\/iber.market\/producto\/ambientador-spray-essence-bosque-verde\/"},"modified":"2026-02-17T08:40:39","modified_gmt":"2026-02-17T08:40:39","slug":"essence-green-forest-lufterfrischungsspray","status":"publish","type":"product","link":"https:\/\/iber.market\/de\/product\/essence-green-forest-lufterfrischungsspray\/","title":{"rendered":"Essence Green Forest Lufterfrischer Spray"},"content":{"rendered":"","protected":false},"excerpt":{"rendered":"<p>Genie\u00dfen Sie das Essence Bosque Verde Lufterfrischungsspray, ein typisch spanisches Produkt, das jetzt auch in Europa erh\u00e4ltlich ist. Ideal f\u00fcr Auswanderer und Liebhaber der mediterranen Qualit\u00e4t. Schnelle Lieferung aus Spanien.<\/p>","protected":false},"featured_media":191242,"template":"","meta":[],"product_brand":[],"product_cat":[63],"product_tag":[],"class_list":{"0":"post-191241","1":"product","2":"type-product","3":"status-publish","4":"has-post-thumbnail","6":"product_cat-limpieza-del-hogar","8":"first","9":"instock","10":"taxable","11":"shipping-taxable","12":"purchasable","13":"product-type-simple"},"jetpack_sharing_enabled":true,"_links":{"self":[{"href":"https:\/\/iber.market\/de\/wp-json\/wp\/v2\/product\/191241","targetHints":{"allow":["GET"]}}],"collection":[{"href":"https:\/\/iber.market\/de\/wp-json\/wp\/v2\/product"}],"about":[{"href":"https:\/\/iber.market\/de\/wp-json\/wp\/v2\/types\/product"}],"wp:featuredmedia":[{"embeddable":true,"href":"https:\/\/iber.market\/de\/wp-json\/wp\/v2\/media\/191242"}],"wp:attachment":[{"href":"https:\/\/iber.market\/de\/wp-json\/wp\/v2\/media?parent=191241"}],"wp:term":[{"taxonomy":"product_brand","embeddable":true,"href":"https:\/\/iber.market\/de\/wp-json\/wp\/v2\/product_brand?post=191241"},{"taxonomy":"product_cat","embeddable":true,"href":"https:\/\/iber.market\/de\/wp-json\/wp\/v2\/product_cat?post=191241"},{"taxonomy":"product_tag","embeddable":true,"href":"https:\/\/iber.market\/de\/wp-json\/wp\/v2\/product_tag?post=191241"}],"curies":[{"name":"wp","href":"https:\/\/api.w.org\/{rel}","templated":true}]}}