{"id":191205,"date":"2026-02-17T08:40:34","date_gmt":"2026-02-17T08:40:34","guid":{"rendered":"https:\/\/iber.market\/producto\/bolsas-de-basura-cubo-alto-bosque-verde-30l-cubo-mediano\/"},"modified":"2026-02-17T08:40:34","modified_gmt":"2026-02-17T08:40:34","slug":"mullsacke-hohe-tonne-waldgrun-30l-mittlere-tonne","status":"publish","type":"product","link":"https:\/\/iber.market\/de\/product\/mullsacke-hohe-tonne-waldgrun-30l-mittlere-tonne\/","title":{"rendered":"M\u00fclls\u00e4cke hoher M\u00fclleimer Bosque Verde 30L mittlerer M\u00fclleimer"},"content":{"rendered":"","protected":false},"excerpt":{"rendered":"<p>Genie\u00dfen Sie die Bosque Verde 30L M\u00fcllbeutel, ein typisch spanisches Produkt, das jetzt auch in Europa erh\u00e4ltlich ist. Ideal f\u00fcr Auswanderer und Liebhaber der mediterranen Qualit\u00e4t. Schnelle Lieferung aus Spanien.<\/p>","protected":false},"featured_media":191206,"template":"","meta":[],"product_brand":[],"product_cat":[63],"product_tag":[],"class_list":{"0":"post-191205","1":"product","2":"type-product","3":"status-publish","4":"has-post-thumbnail","6":"product_cat-limpieza-del-hogar","8":"first","9":"instock","10":"taxable","11":"shipping-taxable","12":"purchasable","13":"product-type-simple"},"jetpack_sharing_enabled":true,"_links":{"self":[{"href":"https:\/\/iber.market\/de\/wp-json\/wp\/v2\/product\/191205","targetHints":{"allow":["GET"]}}],"collection":[{"href":"https:\/\/iber.market\/de\/wp-json\/wp\/v2\/product"}],"about":[{"href":"https:\/\/iber.market\/de\/wp-json\/wp\/v2\/types\/product"}],"wp:featuredmedia":[{"embeddable":true,"href":"https:\/\/iber.market\/de\/wp-json\/wp\/v2\/media\/191206"}],"wp:attachment":[{"href":"https:\/\/iber.market\/de\/wp-json\/wp\/v2\/media?parent=191205"}],"wp:term":[{"taxonomy":"product_brand","embeddable":true,"href":"https:\/\/iber.market\/de\/wp-json\/wp\/v2\/product_brand?post=191205"},{"taxonomy":"product_cat","embeddable":true,"href":"https:\/\/iber.market\/de\/wp-json\/wp\/v2\/product_cat?post=191205"},{"taxonomy":"product_tag","embeddable":true,"href":"https:\/\/iber.market\/de\/wp-json\/wp\/v2\/product_tag?post=191205"}],"curies":[{"name":"wp","href":"https:\/\/api.w.org\/{rel}","templated":true}]}}