{"id":191083,"date":"2026-02-17T08:40:17","date_gmt":"2026-02-17T08:40:17","guid":{"rendered":"https:\/\/iber.market\/producto\/bolsas-de-basura-grande-perfumadas-bosque-verde-50l-cubo-grande\/"},"modified":"2026-02-17T08:40:18","modified_gmt":"2026-02-17T08:40:18","slug":"grose-duftende-mullsacke-waldgrun-50l-groser-eimer","status":"publish","type":"product","link":"https:\/\/iber.market\/de\/product\/grose-duftende-mullsacke-waldgrun-50l-groser-eimer\/","title":{"rendered":"Gro\u00dfe duftende Abfallbeutel Bosque Verde 50L gro\u00dfer Eimer"},"content":{"rendered":"","protected":false},"excerpt":{"rendered":"<p>Genie\u00dfen Sie Bosque Verde 50L gro\u00dfe, duftende M\u00fcllbeutel, ein typisch spanisches Produkt, das jetzt auch in Europa erh\u00e4ltlich ist. Ideal f\u00fcr Auswanderer und Liebhaber der mediterranen Qualit\u00e4t. Schnelle Lieferung aus Spanien.<\/p>","protected":false},"featured_media":191084,"template":"","meta":[],"product_brand":[],"product_cat":[63],"product_tag":[],"class_list":{"0":"post-191083","1":"product","2":"type-product","3":"status-publish","4":"has-post-thumbnail","6":"product_cat-limpieza-del-hogar","8":"first","9":"instock","10":"taxable","11":"shipping-taxable","12":"purchasable","13":"product-type-simple"},"jetpack_sharing_enabled":true,"_links":{"self":[{"href":"https:\/\/iber.market\/de\/wp-json\/wp\/v2\/product\/191083","targetHints":{"allow":["GET"]}}],"collection":[{"href":"https:\/\/iber.market\/de\/wp-json\/wp\/v2\/product"}],"about":[{"href":"https:\/\/iber.market\/de\/wp-json\/wp\/v2\/types\/product"}],"wp:featuredmedia":[{"embeddable":true,"href":"https:\/\/iber.market\/de\/wp-json\/wp\/v2\/media\/191084"}],"wp:attachment":[{"href":"https:\/\/iber.market\/de\/wp-json\/wp\/v2\/media?parent=191083"}],"wp:term":[{"taxonomy":"product_brand","embeddable":true,"href":"https:\/\/iber.market\/de\/wp-json\/wp\/v2\/product_brand?post=191083"},{"taxonomy":"product_cat","embeddable":true,"href":"https:\/\/iber.market\/de\/wp-json\/wp\/v2\/product_cat?post=191083"},{"taxonomy":"product_tag","embeddable":true,"href":"https:\/\/iber.market\/de\/wp-json\/wp\/v2\/product_tag?post=191083"}],"curies":[{"name":"wp","href":"https:\/\/api.w.org\/{rel}","templated":true}]}}