{"id":191080,"date":"2026-02-17T08:40:16","date_gmt":"2026-02-17T08:40:16","guid":{"rendered":"https:\/\/iber.market\/producto\/bolsas-de-basura-extra-bosque-verde-30l-cubo-mediano\/"},"modified":"2026-02-17T08:40:17","modified_gmt":"2026-02-17T08:40:17","slug":"abfallsacke-extra-waldgrun-30l-medium-eimer","status":"publish","type":"product","link":"https:\/\/iber.market\/de\/product\/abfallsacke-extra-waldgrun-30l-medium-eimer\/","title":{"rendered":"Extra M\u00fclls\u00e4cke Bosque Verde 30L mittelgro\u00dfer M\u00fclleimer"},"content":{"rendered":"","protected":false},"excerpt":{"rendered":"<p>Genie\u00dfen Sie Bosque Verde extra M\u00fcllbeutel 30L mittelgro\u00dfer Eimer, ein typisch spanisches Produkt, das jetzt in Europa erh\u00e4ltlich ist. Ideal f\u00fcr Auswanderer und Liebhaber der mediterranen Qualit\u00e4t. Schnelle Lieferung aus Spanien.<\/p>","protected":false},"featured_media":191081,"template":"","meta":[],"product_brand":[],"product_cat":[63],"product_tag":[],"class_list":{"0":"post-191080","1":"product","2":"type-product","3":"status-publish","4":"has-post-thumbnail","6":"product_cat-limpieza-del-hogar","8":"first","9":"instock","10":"taxable","11":"shipping-taxable","12":"purchasable","13":"product-type-simple"},"jetpack_sharing_enabled":true,"_links":{"self":[{"href":"https:\/\/iber.market\/de\/wp-json\/wp\/v2\/product\/191080","targetHints":{"allow":["GET"]}}],"collection":[{"href":"https:\/\/iber.market\/de\/wp-json\/wp\/v2\/product"}],"about":[{"href":"https:\/\/iber.market\/de\/wp-json\/wp\/v2\/types\/product"}],"wp:featuredmedia":[{"embeddable":true,"href":"https:\/\/iber.market\/de\/wp-json\/wp\/v2\/media\/191081"}],"wp:attachment":[{"href":"https:\/\/iber.market\/de\/wp-json\/wp\/v2\/media?parent=191080"}],"wp:term":[{"taxonomy":"product_brand","embeddable":true,"href":"https:\/\/iber.market\/de\/wp-json\/wp\/v2\/product_brand?post=191080"},{"taxonomy":"product_cat","embeddable":true,"href":"https:\/\/iber.market\/de\/wp-json\/wp\/v2\/product_cat?post=191080"},{"taxonomy":"product_tag","embeddable":true,"href":"https:\/\/iber.market\/de\/wp-json\/wp\/v2\/product_tag?post=191080"}],"curies":[{"name":"wp","href":"https:\/\/api.w.org\/{rel}","templated":true}]}}