{"id":188077,"date":"2026-01-10T16:19:25","date_gmt":"2026-01-10T16:19:25","guid":{"rendered":"https:\/\/iber.market\/producto\/leche-de-almendra-sin-azucar-ecologica-provamel-1-l\/"},"modified":"2026-01-18T15:27:25","modified_gmt":"2026-01-18T15:27:25","slug":"provamel-bio-mandelmilch-ungesust-1-liter","status":"publish","type":"product","link":"https:\/\/iber.market\/de\/product\/provamel-bio-mandelmilch-ungesust-1-liter\/","title":{"rendered":"Unges\u00fc\u00dfte Bio-Mandelmilch PROVAMEL 1 l."},"content":{"rendered":"<p><strong>PROVAMEL Bio-Mandelmilch unges\u00fc\u00dft PROVAMEL 1 l.<\/strong> der Marke <strong>PROVAMEL<\/strong> ist ein Produkt, das zur Kategorie <em>Bio-Supermarkt &gt; Veganer &gt; Vegane Getr\u00e4nke<\/em>, im spanischen Bio-Supermarkt ausgew\u00e4hlt.<\/p>\n<p>Dieses Produkt ist f\u00fcr Menschen gedacht, die sich vegan, biologisch oder pflanzlich ern\u00e4hren und dabei Wert auf hochwertige Zutaten, verantwortungsvolle Prozesse und einen nachhaltigeren Konsum legen.<\/p>\n<p>Ideal f\u00fcr europ\u00e4ische Kunden, die biologische und vegane Produkte aus Spanien mit internationaler Lieferung kaufen m\u00f6chten, ohne dabei auf die Essenz des spanischen Supermarktes zu verzichten.<\/p>","protected":false},"excerpt":{"rendered":"<p>PROVAMEL Bio-Mandelmilch unges\u00fc\u00dft PROVAMEL 1 l. PROVAMEL. Biologisches und veganes Produkt, ausgew\u00e4hlt in spanischen Superm\u00e4rkten, ideal f\u00fcr eine bewusste und gesunde Ern\u00e4hrung.<\/p>","protected":false},"featured_media":188078,"template":"","meta":[],"product_brand":[],"product_cat":[353],"product_tag":[],"class_list":{"0":"post-188077","1":"product","2":"type-product","3":"status-publish","4":"has-post-thumbnail","6":"product_cat-bebidas-ecologicas","8":"first","9":"instock","10":"taxable","11":"shipping-taxable","12":"purchasable","13":"product-type-simple"},"jetpack_sharing_enabled":true,"_links":{"self":[{"href":"https:\/\/iber.market\/de\/wp-json\/wp\/v2\/product\/188077","targetHints":{"allow":["GET"]}}],"collection":[{"href":"https:\/\/iber.market\/de\/wp-json\/wp\/v2\/product"}],"about":[{"href":"https:\/\/iber.market\/de\/wp-json\/wp\/v2\/types\/product"}],"wp:featuredmedia":[{"embeddable":true,"href":"https:\/\/iber.market\/de\/wp-json\/wp\/v2\/media\/188078"}],"wp:attachment":[{"href":"https:\/\/iber.market\/de\/wp-json\/wp\/v2\/media?parent=188077"}],"wp:term":[{"taxonomy":"product_brand","embeddable":true,"href":"https:\/\/iber.market\/de\/wp-json\/wp\/v2\/product_brand?post=188077"},{"taxonomy":"product_cat","embeddable":true,"href":"https:\/\/iber.market\/de\/wp-json\/wp\/v2\/product_cat?post=188077"},{"taxonomy":"product_tag","embeddable":true,"href":"https:\/\/iber.market\/de\/wp-json\/wp\/v2\/product_tag?post=188077"}],"curies":[{"name":"wp","href":"https:\/\/api.w.org\/{rel}","templated":true}]}}